{"id":27,"date":"2016-06-01T10:02:10","date_gmt":"2016-06-01T08:02:10","guid":{"rendered":"http:\/\/www.bonnes.fr\/?page_id=27"},"modified":"2016-06-13T13:43:02","modified_gmt":"2016-06-13T11:43:02","slug":"patrimoine","status":"publish","type":"page","link":"https:\/\/www.bonnes.fr\/en\/patrimoine\/","title":{"rendered":"Patrimoine"},"content":{"rendered":"<p>Notre bourg poss\u00e8de un b\u00e2ti ancien de qualit\u00e9, regroup\u00e9 autour de l\u2019\u00e9glise, du ch\u00e2teau et du moulin, avec des jardins surplombants les rives de la Dronne.<img decoding=\"async\" loading=\"lazy\" src=\"http:\/\/www.bonnes.fr\/media\/assets\/vue-riviere.jpg\" alt=\"Bonnes sur Dronne en Charente\" width=\"600\" height=\"383\" \/><br \/>\nCette magnifique rivi\u00e8re serpente et traverse tout le territoire de la commune. Tout au long de vos promenades vous pourrez\u00a0admirer le caract\u00e8re pittoresque des hameaux de la commune, dont certains ont \u00e9t\u00e9 admirablement restaur\u00e9s.<br \/>\nDans les pages qui suivent vous pourrez d\u00e9couvrir les d\u00e9tails de notre patrimoine ou l\u2019histoire de la commune.<\/p>\n<!-- AddThis Advanced Settings generic via filter on the_content --><!-- AddThis Share Buttons generic via filter on the_content -->","protected":false},"excerpt":{"rendered":"<p>Notre bourg poss\u00e8de un b\u00e2ti ancien de qualit\u00e9, regroup\u00e9 autour de l\u2019\u00e9glise, du ch\u00e2teau et du moulin, avec des jardins surplombants les rives de la Dronne. Cette magnifique rivi\u00e8re serpente et traverse tout le territoire de la commune. Tout au long de vos promenades vous pourrez\u00a0admirer le caract\u00e8re pittoresque des hameaux de la commune, dont [&hellip;]<!-- AddThis Advanced Settings generic via filter on get_the_excerpt --><!-- AddThis Share Buttons generic via filter on get_the_excerpt --><\/p>\n","protected":false},"author":1,"featured_media":0,"parent":0,"menu_order":2,"comment_status":"closed","ping_status":"closed","template":"","meta":[],"_links":{"self":[{"href":"https:\/\/www.bonnes.fr\/en\/wp-json\/wp\/v2\/pages\/27"}],"collection":[{"href":"https:\/\/www.bonnes.fr\/en\/wp-json\/wp\/v2\/pages"}],"about":[{"href":"https:\/\/www.bonnes.fr\/en\/wp-json\/wp\/v2\/types\/page"}],"author":[{"embeddable":true,"href":"https:\/\/www.bonnes.fr\/en\/wp-json\/wp\/v2\/users\/1"}],"replies":[{"embeddable":true,"href":"https:\/\/www.bonnes.fr\/en\/wp-json\/wp\/v2\/comments?post=27"}],"version-history":[{"count":2,"href":"https:\/\/www.bonnes.fr\/en\/wp-json\/wp\/v2\/pages\/27\/revisions"}],"predecessor-version":[{"id":211,"href":"https:\/\/www.bonnes.fr\/en\/wp-json\/wp\/v2\/pages\/27\/revisions\/211"}],"wp:attachment":[{"href":"https:\/\/www.bonnes.fr\/en\/wp-json\/wp\/v2\/media?parent=27"}],"curies":[{"name":"wp","href":"https:\/\/api.w.org\/{rel}","templated":true}]}}