{"id":31,"date":"2016-06-01T10:05:17","date_gmt":"2016-06-01T08:05:17","guid":{"rendered":"http:\/\/www.bonnes.fr\/?page_id=31"},"modified":"2020-10-29T14:19:12","modified_gmt":"2020-10-29T13:19:12","slug":"infos-pratiques","status":"publish","type":"page","link":"https:\/\/www.bonnes.fr\/en\/infos-pratiques\/","title":{"rendered":"Infos Pratiques"},"content":{"rendered":"<p><\/p>\n<div class=\"page-container\">\n<div class=\"main\">\n<div class=\"main-content\">\n<table border=\"0\" width=\"597\" cellspacing=\"1\" cellpadding=\"1\">\n<tbody>\n<tr>\n<td width=\"287\"><strong>Mairie<\/strong><br \/>\nPlace de la Mairie<br \/>\n16390 Bonnes<br \/>\nT\u00e9l: 05.45.98.51.74<br \/>\nFax: 05.45.98.60.92<br \/>\nemail: <a href=\"mailto:mairie@bonnes.fr\">mairie@bonnes.fr<\/a><\/td>\n<td width=\"297\">Ouverte<br \/>\nLe Lundi: de 14h \u00e0 18h<br \/>\nLe Mercredi: de 9h \u00e0 12h<br \/>\nLe Mardi, Jeudi et Vendredi:<br \/>\nde 9h \u00e0 12h &#8211; 13h30 \u00e0 18h30.<\/td>\n<\/tr>\n<\/tbody>\n<\/table>\n<p><strong>\u00a0 Location salle des f\u00eates de Bonnes<\/strong><br \/>\n<span style=\"font-family: Arial; font-size: small;\">Grande cuisine \u00e9quip\u00e9e aux normes, chambre froide,\u00a0 vaisselle, terrasse.<br \/>\nPr\u00e9vue pour environ 100 personnes.<\/span><\/p>\n<div id=\"line\"><\/div>\n<p><img decoding=\"async\" loading=\"lazy\" id=\"laposte\" src=\"http:\/\/www.bonnes.fr\/media\/assets\/laposte.jpg\" alt=\"\" width=\"100\" height=\"85\" \/><br \/>\nAgence Postale communale de Bonnes T\u00e9l 05.45.98.51.74<\/p>\n<table border=\"0\" width=\"600\" cellspacing=\"0\" cellpadding=\"5\">\n<tbody>\n<tr>\n<td><span class=\"style2\">Ouverture :<\/span><\/td>\n<td><span class=\"style2\">Matin<\/span><\/td>\n<td><span class=\"style2\">Apr\u00e8s-midi<\/span><\/td>\n<\/tr>\n<tr>\n<td><span class=\"style3 style2\">Lundi<\/span><\/td>\n<td><span class=\"style3 style2\">Ferm\u00e9e<\/span><\/td>\n<td><span class=\"style3 style2\">13h30- 15h<\/span><\/td>\n<\/tr>\n<tr>\n<td><span class=\"style3 style2\">Mardi<\/span><\/td>\n<td><span class=\"style3 style2\">9h \u2013 12 h<\/span><\/td>\n<td><span class=\"style3 style2\">13h30 \u2013 15h<\/span><\/td>\n<\/tr>\n<tr>\n<td><span class=\"style3 style2\">Mercredi<\/span><\/td>\n<td><span class=\"style3 style2\">9h \u2013 12h<\/span><\/td>\n<td><span class=\"style3 style2\">Ferm\u00e9e <\/span><\/td>\n<\/tr>\n<tr>\n<td><span class=\"style3 style2\">Jeudi<\/span><\/td>\n<td><span class=\"style3 style2\">9h\u2013 12h<\/span><\/td>\n<td><span class=\"style3 style2\">13h30 \u2013 15h<\/span><\/td>\n<\/tr>\n<tr>\n<td><span class=\"style3 style2\">Vendredi<\/span><\/td>\n<td><span class=\"style3 style2\">9h \u2013 12h<\/span><\/td>\n<td><span class=\"style3 style2\">13h30 \u2013 15h<\/span><\/td>\n<\/tr>\n<tr>\n<td><span class=\"style3 style2\">Samedi<\/span><\/td>\n<td><span class=\"style3 style2\">9h\u2013 11h<\/span><\/td>\n<td><span class=\"style3 style2\">Ferm\u00e9e<\/span><\/td>\n<\/tr>\n<\/tbody>\n<\/table>\n<p>\u00a0<\/p>\n<h3>La Poste Aubeterre T\u00e9l 05.45.98.50.89,<\/h3>\n<p>Ouverture : du lundi au vendredi 9h30-12h15 et le samedi 9h-12h<\/p>\n<div id=\"line\"><\/div>\n<h3><img decoding=\"async\" loading=\"lazy\" id=\"laposte\" src=\"http:\/\/www.bonnes.fr\/media\/assets\/calitom.jpg\" alt=\"Calitom\" width=\"169\" height=\"50\" \/><br \/>\nD\u00e9chetterie :<\/h3>\n<p>Bonnaud 16390 Nabinaud (entre Laprade et St Severin).T\u00e9l : 05.45.98.40.75<\/p>\n<table border=\"0\" width=\"600\" cellspacing=\"0\" cellpadding=\"2\">\n<tbody>\n<tr>\n<td width=\"204\"><span class=\"style2\">Ouverture :<\/span><\/td>\n<td width=\"175\"><span class=\"style2\">Matin<\/span><\/td>\n<td width=\"201\"><span class=\"style2\">Apr\u00e8s-midi<\/span><\/td>\n<\/tr>\n<\/tbody>\n<tbody>\n<tr>\n<td width=\"204\"><span class=\"style3 style2\">Lundi<\/span><\/td>\n<td width=\"175\"><span class=\"style3 style2\">9 h \u2013 12 h<\/span><\/td>\n<td width=\"201\"><span class=\"style3 style2\">14 h \u2013 18 h<\/span><\/td>\n<\/tr>\n<tr>\n<td width=\"204\"><span class=\"style3 style2\">Mardi\u00a0\u00a0<\/span><\/td>\n<td width=\"175\"><span class=\"style3 style2\">9 h &#8211; 12 h <\/span><\/td>\n<td width=\"201\"><span class=\"style3 style2\">Ferm\u00e9e<\/span><\/td>\n<\/tr>\n<tr>\n<td width=\"204\"><span class=\"style3 style2\">Mercredi\u00a0<\/span><\/td>\n<td width=\"175\"><span class=\"style3 style2\">Ferm\u00e9e<\/span><\/td>\n<td width=\"201\"><span class=\"style3 style2\">Ferm\u00e9e<\/span><\/td>\n<\/tr>\n<tr>\n<td width=\"204\"><span class=\"style3 style2\">Jeudi<\/span><\/td>\n<td width=\"175\"><span class=\"style3 style2\">9 h \u2013 12 h<\/span><\/td>\n<td width=\"201\"><span class=\"style3 style2\">14 h \u2013 18 h<\/span><\/td>\n<\/tr>\n<tr>\n<td width=\"204\"><span class=\"style3 style2\">Vendredi<\/span><\/td>\n<td width=\"175\"><span class=\"style3 style2\">Ferm\u00e9e<\/span><\/td>\n<td width=\"201\"><span class=\"style3 style2\">Ferm\u00e9e<\/span><\/td>\n<\/tr>\n<tr>\n<td width=\"204\"><span class=\"style3 style2\">Samedi<\/span><\/td>\n<td width=\"175\"><span class=\"style3 style2\">9 h \u2013 12 h<\/span><\/td>\n<td width=\"201\"><span class=\"style3 style2\">14 h \u2013 18 h<\/span><\/td>\n<\/tr>\n<tr>\n<td width=\"204\"><span class=\"style3 style2\">Dimanche<\/span><\/td>\n<td width=\"175\"><span class=\"style3 style2\">Ferm\u00e9e<\/span><\/td>\n<td width=\"201\"><span class=\"style3 style2\">Ferm\u00e9e<\/span><\/td>\n<\/tr>\n<\/tbody>\n<\/table>\n<p>\u00a0<\/p>\n<h3>D\u00e9chets m\u00e9nagers :<\/h3>\n<p>CALITOM (service public des d\u00e9chets) ZE La Braconne 16600 LA BRACONNE<br \/>\nT\u00e9l 05.45.65.82.50 \/ 0800.500.429<br \/>\n<a href=\"http:\/\/www.calitom.com\" target=\"_blank\">www.calitom.com<\/a><\/p>\n<p><strong>Collecte :<\/strong><br \/>\n<strong><em>Sacs noirs<\/em> <\/strong>: Tous les jeudi matin<br \/>\n<strong><em>Sacs jaunes<\/em><\/strong> (collecte s\u00e9lective) :<span style=\"font-family: Arial; font-size: small;\"> Lundi matin tous les 15 jours <\/span><u><span style=\"font-family: Arial; font-size: small;\">semaines impaires 1,3,5&#8230;<\/span><\/u><\/p>\n<p><em>En cas de jour f\u00e9ri\u00e9, la collecte est repouss\u00e9e d&#8217;une journ\u00e9e (exemple: lundi de P\u00e2ques, collecte le vendredi)<\/em><\/p>\n<p>Bennes \u00e0 verre : Place de la Mairie et Lotissement La Grande Vigne<\/p>\n<div id=\"line\"><\/div>\n<h3><img decoding=\"async\" loading=\"lazy\" id=\"laposte\" src=\"http:\/\/www.bonnes.fr\/media\/assets\/urgences.jpg\" alt=\"\" width=\"85\" height=\"85\" \/><\/h3>\n<h3>Urgences : SAMU 15<\/h3>\n<h3>Pompiers : 18<\/h3>\n<h3>Gendarmerie nationale : 17<\/h3>\n<h3>Gendarmerie Chalais T\u00e9l : 05.45.98.10.09<\/h3>\n<div id=\"line\"><\/div>\n<h3>Relais services publics<\/h3>\n<p>Rue de la Pavencelle Saint Severin, T\u00e9l 05.45.98.19.07<br \/>\nAllo service public T\u00e9l 3939 <a href=\"http:\/\/www.service-public.fr\" target=\"_blank\">www.service-public.fr<\/a><\/p>\n<\/div>\n<div class=\"main-subcontent\">\n<div id=\"livre\"><a href=\"http:\/\/www.bonnes.fr\/pages\/fr\/vie-communale\/livre-dor.php\">Cliquez ici pour lire ou signer le livre d&#8217;or du village<\/a><\/div>\n<div id=\"cont_5adde429434acf4ba605886215c815b5\"><span id=\"h_5adde429434acf4ba605886215c815b5\"><a id=\"a_5adde429434acf4ba605886215c815b5\" href=\"http:\/\/www.tameteo.com\/meteo_Bonnes-Europe-France-Charente--1-40869.html\" target=\"_blank\">Pr\u00e9visions m\u00e9t\u00e9o Bonnes<\/a><\/span><iframe loading=\"lazy\" id=\"5adde429434acf4ba605886215c815b5\" src=\"http:\/\/www.tameteo.com\/getwid\/5adde429434acf4ba605886215c815b5\" name=\"flipe\" width=\"300\" height=\"150\" frameborder=\"0\" scrolling=\"no\"><\/iframe><\/div>\n<div id=\"plan\"><a href=\"http:\/\/www.bonnes.fr\/pages\/fr\/vie-communale\/plan.php\">Agrandir plan du village<\/a><\/div>\n<div id=\"cdc\"><\/div>\n<p><a href=\"http:\/\/www.sudcharentetourisme.fr\/\" target=\"_blank\"><img decoding=\"async\" src=\"http:\/\/www.bonnes.fr\/media\/assets\/sudcharentetourisme.png\" alt=\"Charente Tourisme\" \/><\/a><\/p>\n<p><a href=\"http:\/\/www.bonnes.fr\/pages\/fr\/infos-pratiques\/blog-cl.php\" target=\"_blank\"><img decoding=\"async\" src=\"http:\/\/www.bonnes.fr\/media\/assets\/jean-luc_tenant2.jpg\" alt=\"Journal CdC Aubeterre\" \/><\/a><\/p>\n<\/div>\n<\/div>\n<div class=\"footer\"><\/div>\n<div class=\"credits\">Copyright \u00a9Site Officiel de Bonnes, village en sud Charente | r\u00e9alisation <a title=\"Linden Webdesign\" href=\"http:\/\/www.linden-webdesign.com\/\" target=\"_blank\">Linden Webdesign<\/a><\/div>\n<\/div>\n<p><\/p>\n<!-- AddThis Advanced Settings generic via filter on the_content --><!-- AddThis Share Buttons generic via filter on the_content -->","protected":false},"excerpt":{"rendered":"<p>Mairie Place de la Mairie 16390 Bonnes T\u00e9l: 05.45.98.51.74 Fax: 05.45.98.60.92 email: mairie@bonnes.fr Ouverte Le Lundi: de 14h \u00e0 18h Le Mercredi: de 9h \u00e0 12h Le Mardi, Jeudi et Vendredi: de 9h \u00e0 12h &#8211; 13h30 \u00e0 18h30. \u00a0 Location salle des f\u00eates de Bonnes Grande cuisine \u00e9quip\u00e9e aux normes, chambre froide,\u00a0 vaisselle, terrasse. [&hellip;]<!-- AddThis Advanced Settings generic via filter on get_the_excerpt --><!-- AddThis Share Buttons generic via filter on get_the_excerpt --><\/p>\n","protected":false},"author":1,"featured_media":0,"parent":0,"menu_order":3,"comment_status":"closed","ping_status":"closed","template":"","meta":[],"_links":{"self":[{"href":"https:\/\/www.bonnes.fr\/en\/wp-json\/wp\/v2\/pages\/31"}],"collection":[{"href":"https:\/\/www.bonnes.fr\/en\/wp-json\/wp\/v2\/pages"}],"about":[{"href":"https:\/\/www.bonnes.fr\/en\/wp-json\/wp\/v2\/types\/page"}],"author":[{"embeddable":true,"href":"https:\/\/www.bonnes.fr\/en\/wp-json\/wp\/v2\/users\/1"}],"replies":[{"embeddable":true,"href":"https:\/\/www.bonnes.fr\/en\/wp-json\/wp\/v2\/comments?post=31"}],"version-history":[{"count":5,"href":"https:\/\/www.bonnes.fr\/en\/wp-json\/wp\/v2\/pages\/31\/revisions"}],"predecessor-version":[{"id":948,"href":"https:\/\/www.bonnes.fr\/en\/wp-json\/wp\/v2\/pages\/31\/revisions\/948"}],"wp:attachment":[{"href":"https:\/\/www.bonnes.fr\/en\/wp-json\/wp\/v2\/media?parent=31"}],"curies":[{"name":"wp","href":"https:\/\/api.w.org\/{rel}","templated":true}]}}