{"id":325,"date":"2016-06-14T11:00:54","date_gmt":"2016-06-14T09:00:54","guid":{"rendered":"http:\/\/www.bonnes.fr\/?page_id=325"},"modified":"2016-06-19T15:30:27","modified_gmt":"2016-06-19T13:30:27","slug":"moulin-de-bonnes","status":"publish","type":"page","link":"https:\/\/www.bonnes.fr\/en\/patrimoine\/moulin-de-bonnes\/","title":{"rendered":"MOULIN DE BONNES"},"content":{"rendered":"<p class=\"qtranxs-available-languages-message qtranxs-available-languages-message-en\">Sorry, this entry is only available in <a href=\"https:\/\/www.bonnes.fr\/fr\/wp-json\/wp\/v2\/pages\/325\" class=\"qtranxs-available-language-link qtranxs-available-language-link-fr\" title=\"Fran\u00e7ais\">French<\/a>. For the sake of viewer convenience, the content is shown below in the alternative language. You may click the link to switch the active language.<\/p><p><em><a href=\"http:\/\/www.bonnes.fr\/wp-content\/uploads\/2016\/06\/Moulin-de-Bonnes-001.png\" data-rel=\"lightbox-image-0\" data-rl_title=\"\" data-rl_caption=\"\" title=\"\"><img decoding=\"async\" loading=\"lazy\" class=\"alignright size-medium wp-image-326\" src=\"http:\/\/www.bonnes.fr\/wp-content\/uploads\/2016\/06\/Moulin-de-Bonnes-001-300x212.png\" alt=\"Moulin-de-Bonnes-001\" width=\"300\" height=\"212\" srcset=\"https:\/\/www.bonnes.fr\/wp-content\/uploads\/2016\/06\/Moulin-de-Bonnes-001-300x212.png 300w, https:\/\/www.bonnes.fr\/wp-content\/uploads\/2016\/06\/Moulin-de-Bonnes-001-250x177.png 250w, https:\/\/www.bonnes.fr\/wp-content\/uploads\/2016\/06\/Moulin-de-Bonnes-001.png 381w\" sizes=\"(max-width: 300px) 100vw, 300px\" \/><\/a>Histoire du Moulin de Bonnes<\/em><br \/>\nQuelques dates Le Moulin de Bonnes \u00e9tait \u00e0 l\u2019origine le moulin banal des Seigneurs de Bonnes. La disposition de ses canaux, de ses \u00eeles, ses fortifications et ses coffrages de bois pour les chutes sont aussi anciens que la seigneurie, qui remonte au XIII\u00b0 si\u00e8cle. Cette configuration inclut des \u00e2tiers de contournement destin\u00e9s \u00e0 la migration des poissons.<br \/>\nPendant plusieurs si\u00e8cles, le Moulin de Bonnes appartint \u00e0 divers membres de la famille Bouchard d\u2019Esparb\u00e8s de Lussan, jusqu\u2019\u00e0 la derni\u00e8re h\u00e9riti\u00e8re qui vendra le ch\u00e2teau et ses domaines. Figurant sur les cartes de Cassini et Belleyme, Le Moulin de Bonnes est fond\u00e9 en titre.<\/p>\n<p>A partir de 1770, le nouveau seigneur de Bonnes se nomme Jean-Baptiste P\u00e9rier de Gurat. Par acte du 9 juin 1772 ce dernier afferme son moulin. C\u2019est d\u00e9j\u00e0 un membre de la famille Lavergne qui fait tourner les roues \u00e0 farine et celle de l\u2019huile de noix. Comme tous les meuniers il fait le pain dans sa fourni\u00e8re et vend des poissons p\u00each\u00e9s au filet sous le pont couvert de la Maillerie. A la suite de la R\u00e9volution, Cl\u00e9ment Lavergne se porte acqu\u00e9reur du Moulin de Bonnes. Les Lavergne, puis leur descendance Enard, en demeureront les propri\u00e9taires jusqu\u2019en 2008.<\/p>\n<p><a href=\"http:\/\/www.bonnes.fr\/wp-content\/uploads\/2016\/06\/Inty-rieur-du-moulin.png\" data-rel=\"lightbox-image-1\" data-rl_title=\"\" data-rl_caption=\"\" title=\"\"><img decoding=\"async\" loading=\"lazy\" class=\"alignright size-medium wp-image-327\" src=\"http:\/\/www.bonnes.fr\/wp-content\/uploads\/2016\/06\/Inty-rieur-du-moulin-300x211.png\" alt=\"Inty-rieur-du-moulin\" width=\"300\" height=\"211\" srcset=\"https:\/\/www.bonnes.fr\/wp-content\/uploads\/2016\/06\/Inty-rieur-du-moulin-300x211.png 300w, https:\/\/www.bonnes.fr\/wp-content\/uploads\/2016\/06\/Inty-rieur-du-moulin-250x176.png 250w, https:\/\/www.bonnes.fr\/wp-content\/uploads\/2016\/06\/Inty-rieur-du-moulin.png 383w\" sizes=\"(max-width: 300px) 100vw, 300px\" \/><\/a>En 1943, la famille Lavergne a eu la surprise de voir son bien inscrit \u00e0 l\u2019inventaire des Sites ce qui fait du Moulin de Bonnes un espace architectural et naturel prot\u00e9g\u00e9. L\u2019actuelle propri\u00e9taire, Martine Boyer, s\u2019applique \u00e0 mettre en avant l\u2019aspect patrimonial et esth\u00e9tique des lieux. Cette grande zone humide est aussi Refuge LPO (Ligue de Protection des Oiseaux).<del> <\/del><\/p>\n<!-- AddThis Advanced Settings generic via filter on the_content --><!-- AddThis Share Buttons generic via filter on the_content -->","protected":false},"excerpt":{"rendered":"<p>Sorry, this entry is only available in French. For the sake of viewer convenience, the content is shown below in the alternative language. You may click the link to switch the active language.Histoire du Moulin de Bonnes Quelques dates Le Moulin de Bonnes \u00e9tait \u00e0 l\u2019origine le moulin banal des Seigneurs de Bonnes. La disposition [&hellip;]<!-- AddThis Advanced Settings generic via filter on get_the_excerpt --><!-- AddThis Share Buttons generic via filter on get_the_excerpt --><\/p>\n","protected":false},"author":1,"featured_media":0,"parent":27,"menu_order":4,"comment_status":"closed","ping_status":"closed","template":"","meta":[],"_links":{"self":[{"href":"https:\/\/www.bonnes.fr\/en\/wp-json\/wp\/v2\/pages\/325"}],"collection":[{"href":"https:\/\/www.bonnes.fr\/en\/wp-json\/wp\/v2\/pages"}],"about":[{"href":"https:\/\/www.bonnes.fr\/en\/wp-json\/wp\/v2\/types\/page"}],"author":[{"embeddable":true,"href":"https:\/\/www.bonnes.fr\/en\/wp-json\/wp\/v2\/users\/1"}],"replies":[{"embeddable":true,"href":"https:\/\/www.bonnes.fr\/en\/wp-json\/wp\/v2\/comments?post=325"}],"version-history":[{"count":2,"href":"https:\/\/www.bonnes.fr\/en\/wp-json\/wp\/v2\/pages\/325\/revisions"}],"predecessor-version":[{"id":453,"href":"https:\/\/www.bonnes.fr\/en\/wp-json\/wp\/v2\/pages\/325\/revisions\/453"}],"up":[{"embeddable":true,"href":"https:\/\/www.bonnes.fr\/en\/wp-json\/wp\/v2\/pages\/27"}],"wp:attachment":[{"href":"https:\/\/www.bonnes.fr\/en\/wp-json\/wp\/v2\/media?parent=325"}],"curies":[{"name":"wp","href":"https:\/\/api.w.org\/{rel}","templated":true}]}}