{"id":469,"date":"2016-06-29T10:08:46","date_gmt":"2016-06-29T08:08:46","guid":{"rendered":"http:\/\/www.bonnes.fr\/?page_id=469"},"modified":"2016-09-29T11:54:36","modified_gmt":"2016-09-29T09:54:36","slug":"le-chateau-de-bonnes","status":"publish","type":"page","link":"https:\/\/www.bonnes.fr\/en\/patrimoine\/le-chateau-de-bonnes\/","title":{"rendered":"Le Ch\u00e2teau de Bonnes"},"content":{"rendered":"<p class=\"qtranxs-available-languages-message qtranxs-available-languages-message-en\">Sorry, this entry is only available in <a href=\"https:\/\/www.bonnes.fr\/fr\/wp-json\/wp\/v2\/pages\/469\" class=\"qtranxs-available-language-link qtranxs-available-language-link-fr\" title=\"Fran\u00e7ais\">French<\/a>. For the sake of viewer convenience, the content is shown below in the alternative language. You may click the link to switch the active language.<\/p><p><img decoding=\"async\" loading=\"lazy\" class=\"alignright wp-image-178 size-medium\" src=\"http:\/\/www.bonnes.fr\/wp-content\/uploads\/2016\/06\/020-300x191.jpg\" alt=\"020\" width=\"300\" height=\"191\" srcset=\"https:\/\/www.bonnes.fr\/wp-content\/uploads\/2016\/06\/020-300x191.jpg 300w, https:\/\/www.bonnes.fr\/wp-content\/uploads\/2016\/06\/020-250x159.jpg 250w, https:\/\/www.bonnes.fr\/wp-content\/uploads\/2016\/06\/020.jpg 600w\" sizes=\"(max-width: 300px) 100vw, 300px\" \/>L\u2019origine du Ch\u00e2teau de Bonnes remonte aux premi\u00e8res d\u00e9fenses \u00e9rig\u00e9es par les \u00e9v\u00eaques de P\u00e9rigueux au IXe si\u00e8cle pour prot\u00e9ger l\u2019Abbaye de Brant\u00f4me fond\u00e9e par Charlemagne, des remont\u00e9es de la Dronne par les Vikings, qui pass\u00e8rent tout de m\u00eame et pill\u00e8rent l\u2019abbaye par deux fois (en l\u2019an 847 et 857). Il est \u00e0 noter que la famille d\u2019Aubeterre faisait remonter ses origines \u00e0 un \u00e9cuyer de Charlemagne.<br \/>\nL\u2019actuel Ch\u00e2teau de Bonnes est \u00e9difi\u00e9 sur les fondations du ch\u00e2teau m\u00e9di\u00e9val qui fut le si\u00e8ge seigneurial de la famille de Lambert, pendant six si\u00e8cles, du XIe au XVIe si\u00e8cle, tant\u00f4t dans le domaine du Roi de France, tant\u00f4t sous la couronne britannique.<br \/>\nAu premier abord on n\u2019imagine pas qu\u2019il fut un tr\u00e8s grand et beau ch\u00e2teau, \u00e0 l\u2019histoire prestigieuse, ayant \u00e9t\u00e9 un joyau des La Marthonie, des Pompadour et des d\u2019Esparb\u00e8s de Lussan d\u2019Aubeterre, comtes de Bonnes, qu\u2019il fut la demeure d\u2019un\u00a0 proche de Fran\u00e7ois Ier, d\u2019un Mar\u00e9chal de France, de c\u00e9l\u00e8bres Lieutenants G\u00e9n\u00e9raux du Roi.<br \/>\nPeu apr\u00e8s la fin de la guerre de 100 Ans, une h\u00e9riti\u00e8re des Lambert, Jeanne de Camblezac, \u00e9pousa Robert de La Marthonie, et le ch\u00e2teau fut presqu\u2019enti\u00e8rement reconstruit dans le style Renaissance. Cette famille de La Marthonie, qui compta plusieurs personnages puissants du Royaume, a laiss\u00e9 des traces de leur pouvoir ainsi que des vestiges artistiques dans tout le bassin de la Dronne, dont le c\u00e9l\u00e8bre ch\u00e2teau de Puyguilhem, \u00e9difi\u00e9 par le fr\u00e8re de Robert de La Marthonie.<\/p>\n<p><img decoding=\"async\" loading=\"lazy\" class=\"alignright size-medium wp-image-504\" src=\"http:\/\/www.bonnes.fr\/wp-content\/uploads\/2016\/06\/Fa\u00e7ade-Ouest-en-2015-thumb_IMG_1587_1024-300x225.jpg\" alt=\"Bonnes Chateau\" width=\"300\" height=\"225\" srcset=\"https:\/\/www.bonnes.fr\/wp-content\/uploads\/2016\/06\/Fa\u00e7ade-Ouest-en-2015-thumb_IMG_1587_1024-300x225.jpg 300w, https:\/\/www.bonnes.fr\/wp-content\/uploads\/2016\/06\/Fa\u00e7ade-Ouest-en-2015-thumb_IMG_1587_1024-250x187.jpg 250w, https:\/\/www.bonnes.fr\/wp-content\/uploads\/2016\/06\/Fa\u00e7ade-Ouest-en-2015-thumb_IMG_1587_1024-624x468.jpg 624w, https:\/\/www.bonnes.fr\/wp-content\/uploads\/2016\/06\/Fa\u00e7ade-Ouest-en-2015-thumb_IMG_1587_1024.jpg 1024w\" sizes=\"(max-width: 300px) 100vw, 300px\" \/>Ami de Fran\u00e7ois 1er, Ma\u00eetre d\u2019H\u00f4tel du Roi, titre honorifique prestigieux, Gouverneur de Touraine, Robert de La Marthonie fit b\u00e2tir notamment, entre le ch\u00e2telet m\u00e9di\u00e9val et le corps de logis principal une galerie Renaissance \u00e0 sept arcades en anse de panier soutenues par de fines colonnes orn\u00e9es destin\u00e9es \u00e0 apporter de la fra\u00eecheur l\u2019\u00e9t\u00e9, un promenoir tel qu\u2019on peut en voir dans les ch\u00e2teaux de la Loire, et fit d\u00e9corer de peintures tout l\u2019int\u00e9rieur du ch\u00e2teau.<br \/>\nIl fait orner le mur m\u00e9di\u00e9val c\u00f4t\u00e9 \u00e9glise de belles fen\u00eatres sculpt\u00e9es, qui r\u00e9pondent au portail Renaissance qu\u2019il fait construire pour l\u2019\u00e9glise. On peut encore lire dans deux macarons de ce rare portail du XVIe si\u00e8cle, malgr\u00e9 les mutilations, les<br \/>\ninitiales &#8220;RI&#8221;: &#8220;R&#8221; pour Robert de La Marthonie, le &#8220;1&#8221;, confondu \u00e0 l\u2019\u00e9poque avec le \u00ab J \u00bb, \u00e9tant Jeanne de Camblezac, l\u2019h\u00e9riti\u00e8re de la seigneurie de Bonnes.<br \/>\nA l&#8217;\u00e9poque, l&#8217;\u00e9glise aurait \u00e9t\u00e9 reli\u00e9e au ch\u00e2teau par un corps de b\u00e2timent enjambant le chemin qui descend \u00e0 la rivi\u00e8re.<br \/>\nRobert meurt assez jeune et ne voit sans doute pas l&#8217;ach\u00e8vement des travaux qui sera l&#8217;\u0153uvre de son fils Claude et de sa fille Marie.<br \/>\n<img decoding=\"async\" loading=\"lazy\" class=\"alignright size-medium wp-image-506\" src=\"http:\/\/www.bonnes.fr\/wp-content\/uploads\/2016\/06\/Ensemble-de-la-fa\u00e7ade-Sud-en-2011-DSC01121-300x225.jpg\" alt=\"Chateau Bonnes\" width=\"300\" height=\"225\" srcset=\"https:\/\/www.bonnes.fr\/wp-content\/uploads\/2016\/06\/Ensemble-de-la-fa\u00e7ade-Sud-en-2011-DSC01121-300x225.jpg 300w, https:\/\/www.bonnes.fr\/wp-content\/uploads\/2016\/06\/Ensemble-de-la-fa\u00e7ade-Sud-en-2011-DSC01121-1024x768.jpg 1024w, https:\/\/www.bonnes.fr\/wp-content\/uploads\/2016\/06\/Ensemble-de-la-fa\u00e7ade-Sud-en-2011-DSC01121-250x187.jpg 250w, https:\/\/www.bonnes.fr\/wp-content\/uploads\/2016\/06\/Ensemble-de-la-fa\u00e7ade-Sud-en-2011-DSC01121-624x468.jpg 624w, https:\/\/www.bonnes.fr\/wp-content\/uploads\/2016\/06\/Ensemble-de-la-fa\u00e7ade-Sud-en-2011-DSC01121.jpg 2048w\" sizes=\"(max-width: 300px) 100vw, 300px\" \/>En ce temps, les ch\u00e2teaux du P\u00e9rigord sont rudes, construits sans fioritures. Cependant Robert de La Marthonie, ayant suivi la construction des ch\u00e2teaux du Val de Loire et gouverneur de Touraine donne \u00e0 Bonnes une note Renaissance tr\u00e8s raffin\u00e9e.<br \/>\nClaude de La Marthonie fut apparemment sans descendance. Sa s\u0153ur Marie et le mari de celle-ci, Jean de Grignols, d\u00e9j\u00e0 propri\u00e9taire du fief de La Borie \u00e0 Chalais, s\u2019appauvrissent et vendent progressivement des terres, diminuant ainsi le domaine. C\u2019est d\u00e8s cette \u00e9poque que, pour terminer les travaux de la galerie Renaissance, ils obstruent les arcades, dans lesquelles ils cr\u00e9ent n\u00e9anmoins des fen\u00eatres de belle allure.<br \/>\nLes temps fastes reviennent pour le Ch\u00e2teau de Bonnes avec l\u2019acquisition qui en est faite au XVIIe si\u00e8cle par la famille de Pompadour, qui s\u2019entend avec Fran\u00e7ois d\u2019Esparb\u00e8s de Lussan, le fameux Mar\u00e9chal d\u2019Aubeterre, premier du nom (la famille comportera un deuxi\u00e8me Mar\u00e9chal d\u2019Aubeterre au XVIIIe si\u00e8cle), pour conclure un mariage entre Marie de Pompadour, Demoiselle de Bonnes, avec Fran\u00e7ois II d\u2019Esparb\u00e8s de Lussan. Ce dernier puis son fils Pierre, comte de Bonnes, d\u2019Aubeterre et de Jonzac, furent Lieutenants G\u00e9n\u00e9raux des Arm\u00e9es du Roi, cr\u00e9\u00e8rent les R\u00e9giments Aubeterre-Infanterie et Aubeterre-Cavalerie, et particip\u00e8rent \u00e0 toutes les guerres contre l\u2019Empire et les Habsbourg et l\u2019Angleterre qui dessin\u00e8rent les fronti\u00e8res Nord et Est de la France.<br \/>\nCette p\u00e9riode redonne au ch\u00e2teau une seconde vie, prestigieuse, la fa\u00e7ade est redessin\u00e9e dans le style classique : la tour et le ch\u00e2teau ont les proportions du rectangle d\u2019or. De belles chemin\u00e9es peintes et de somptueuses boiseries y sont cr\u00e9\u00e9es. Mais cela ne dure pas plus de 70 ans. La haute noblesse s&#8217;appauvrit et le ch\u00e2teau commence son d\u00e9clin. En 1745 le ch\u00e2teau est ext\u00e9rieurement intact mais le domaine s&#8217;amoindrit.<br \/>\nLa d\u00e9cadence est d\u2019abord lente puis elle basculera brutalement \u00e0 la R\u00e9volution.<br \/>\nLorsque le ch\u00e2teau est mis en vente vers 1770, les visiteurs peuvent traverser 33 pi\u00e8ces, dont une salle de plus de 120 m\u00b2. Il est h\u00e9riss\u00e9 de tours et de d\u00e9cors de toitures. Aujourd&#8217;hui, dans sa partie ancienne, il ne reste plus que 11 de ces pi\u00e8ces soit le tiers du ch\u00e2teau d&#8217;origine. Le domaine se compose alors encore de 6 domaines qui sont toujours aujourd&#8217;hui des exploitations agricoles.<br \/>\nA cela s&#8217;ajoute un moulin \u00e0 grain, qui fut en fonction jusque dans les ann\u00e9es 30 et un moulin \u00e0 huile sur la Dronne en partie disparu. Les terres de bonne qualit\u00e9 ne repr\u00e9sentent plus alors que 250 ha maximum ce qui \u00e9tait loin de pouvoir entretenir au ch\u00e2teau une vie brillante.<\/p>\n<p><img decoding=\"async\" loading=\"lazy\" class=\"alignright size-medium wp-image-505\" src=\"http:\/\/www.bonnes.fr\/wp-content\/uploads\/2016\/06\/IMG_0708-300x225.jpg\" alt=\"img_0708\" width=\"300\" height=\"225\" srcset=\"https:\/\/www.bonnes.fr\/wp-content\/uploads\/2016\/06\/IMG_0708-300x225.jpg 300w, https:\/\/www.bonnes.fr\/wp-content\/uploads\/2016\/06\/IMG_0708-1024x768.jpg 1024w, https:\/\/www.bonnes.fr\/wp-content\/uploads\/2016\/06\/IMG_0708-250x187.jpg 250w, https:\/\/www.bonnes.fr\/wp-content\/uploads\/2016\/06\/IMG_0708-624x467.jpg 624w\" sizes=\"(max-width: 300px) 100vw, 300px\" \/>Le Ch\u00e2teau de Bonnes appartient apr\u00e8s 1770 \u00e0 une famille bourgeoise, les P\u00e9rier de Gurat.<br \/>\nJean-Baptiste P\u00e9rier, bourgeois d\u2019Angoul\u00eame poss\u00e9dant la terre noble de Gurat, pr\u00e8s de Villebois-Lavalette, fut du parti girondin au d\u00e9but de la R\u00e9volution et fut \u00e9lu Maire d\u2019Angoul\u00eame. Par la suite il fut du fait de son action pers\u00e9cut\u00e9 par les conventionnels et emprisonn\u00e9. Son ch\u00e2teau de Bonnes, anciennement en P\u00e9rigord, pass\u00e9 dans le d\u00e9partement de la Charente lors de la cr\u00e9ation des d\u00e9partements en 1790, \u00ab qui poss\u00e8de \u2013 ainsi que le rapporte le document r\u00e9volutionnaire &#8211; les plus beaux meubles armoriaux de la Charente \u00bb, est saccag\u00e9 et syst\u00e9matiquement mutil\u00e9. Lib\u00e9r\u00e9 de prison apr\u00e8s l\u2019ex\u00e9cution de Robespierre, P\u00e9rier de Gurat, gravement malade, fait vendre les restes du ch\u00e2teau et tous les terrains environnants ainsi que les fermes et moulins.<br \/>\nPuis il y a des partitions de l\u2019\u00e9difice restant au gr\u00e9 des changements de propri\u00e9taires jusqu&#8217;au jour de 1859 o\u00f9 la partie centrale du ch\u00e2teau est reprise par la commune. La Commune de Bonnes transforme cette portion de b\u00e2timent en \u00e9cole communale, mairie et logement de l&#8217;instituteur. Le salon d&#8217;Hercule sert de cuisine \u00e0 l&#8217;instituteur et le salon de Ca\u00efn et Abel de salle de classe. Cette organisation perdure pendant 74 ans. Cette vente n&#8217;emp\u00eache pas l&#8217;usure mais a du moins le m\u00e9rite de laisser debout ce qui reste de l&#8217;\u00e9difice et de laisser dans l\u2019\u00e9tat dans lequel la commune les a trouv\u00e9es les chemin\u00e9es des salons.<br \/>\n<img decoding=\"async\" loading=\"lazy\" class=\"alignright size-medium wp-image-507\" src=\"http:\/\/www.bonnes.fr\/wp-content\/uploads\/2016\/06\/PHOTO-Chemin\u00e9e-dHercule-Plan-G\u00e9n\u00e9ral-DSC02178-300x225.jpg\" alt=\"chateau bonnes cheminee\" width=\"300\" height=\"225\" srcset=\"https:\/\/www.bonnes.fr\/wp-content\/uploads\/2016\/06\/PHOTO-Chemin\u00e9e-dHercule-Plan-G\u00e9n\u00e9ral-DSC02178-300x225.jpg 300w, https:\/\/www.bonnes.fr\/wp-content\/uploads\/2016\/06\/PHOTO-Chemin\u00e9e-dHercule-Plan-G\u00e9n\u00e9ral-DSC02178-1024x768.jpg 1024w, https:\/\/www.bonnes.fr\/wp-content\/uploads\/2016\/06\/PHOTO-Chemin\u00e9e-dHercule-Plan-G\u00e9n\u00e9ral-DSC02178-250x187.jpg 250w, https:\/\/www.bonnes.fr\/wp-content\/uploads\/2016\/06\/PHOTO-Chemin\u00e9e-dHercule-Plan-G\u00e9n\u00e9ral-DSC02178-624x468.jpg 624w, https:\/\/www.bonnes.fr\/wp-content\/uploads\/2016\/06\/PHOTO-Chemin\u00e9e-dHercule-Plan-G\u00e9n\u00e9ral-DSC02178.jpg 2048w\" sizes=\"(max-width: 300px) 100vw, 300px\" \/>A partir de 1950 un nouvel acqu\u00e9reur, la famille Delmond, r\u00e9unit lentement et patiemment les trois parties de ce qui reste du ch\u00e2teau : la partie centrale, la maison de village donnant vers l\u2019\u00e9glise (construite en 1800 \u00e0 la place du ch\u00e2telet m\u00e9di\u00e9val) et adoss\u00e9e \u00e0 la galerie Renaissance, la tour et sa petite aile. Ainsi sont rassembl\u00e9s les vestiges du Ch\u00e2teau de Bonnes, et les travaux de restauration sont depuis peu men\u00e9s par ses descendants pour redonner une partie de son lustre \u00e0 l\u2019\u00e9difice.<br \/>\nLe Ch\u00e2teau de Bonnes est ouvert \u00e0 la visite, g\u00e9n\u00e9ralement du 20 Juillet au 31 ao\u00fbt. S\u2019informer aupr\u00e8s de la Mairie, du ch\u00e2teau ou des Offices de Tourisme de St Aulaye et d\u2019Aubeterre.<\/p>\n<!-- AddThis Advanced Settings generic via filter on the_content --><!-- AddThis Share Buttons generic via filter on the_content -->","protected":false},"excerpt":{"rendered":"<p>Sorry, this entry is only available in French. For the sake of viewer convenience, the content is shown below in the alternative language. You may click the link to switch the active language.L\u2019origine du Ch\u00e2teau de Bonnes remonte aux premi\u00e8res d\u00e9fenses \u00e9rig\u00e9es par les \u00e9v\u00eaques de P\u00e9rigueux au IXe si\u00e8cle pour prot\u00e9ger l\u2019Abbaye de Brant\u00f4me [&hellip;]<!-- AddThis Advanced Settings generic via filter on get_the_excerpt --><!-- AddThis Share Buttons generic via filter on get_the_excerpt --><\/p>\n","protected":false},"author":1,"featured_media":0,"parent":27,"menu_order":6,"comment_status":"closed","ping_status":"open","template":"","meta":[],"_links":{"self":[{"href":"https:\/\/www.bonnes.fr\/en\/wp-json\/wp\/v2\/pages\/469"}],"collection":[{"href":"https:\/\/www.bonnes.fr\/en\/wp-json\/wp\/v2\/pages"}],"about":[{"href":"https:\/\/www.bonnes.fr\/en\/wp-json\/wp\/v2\/types\/page"}],"author":[{"embeddable":true,"href":"https:\/\/www.bonnes.fr\/en\/wp-json\/wp\/v2\/users\/1"}],"replies":[{"embeddable":true,"href":"https:\/\/www.bonnes.fr\/en\/wp-json\/wp\/v2\/comments?post=469"}],"version-history":[{"count":4,"href":"https:\/\/www.bonnes.fr\/en\/wp-json\/wp\/v2\/pages\/469\/revisions"}],"predecessor-version":[{"id":508,"href":"https:\/\/www.bonnes.fr\/en\/wp-json\/wp\/v2\/pages\/469\/revisions\/508"}],"up":[{"embeddable":true,"href":"https:\/\/www.bonnes.fr\/en\/wp-json\/wp\/v2\/pages\/27"}],"wp:attachment":[{"href":"https:\/\/www.bonnes.fr\/en\/wp-json\/wp\/v2\/media?parent=469"}],"curies":[{"name":"wp","href":"https:\/\/api.w.org\/{rel}","templated":true}]}}