{"id":72,"date":"2016-06-10T13:15:33","date_gmt":"2016-06-10T11:15:33","guid":{"rendered":"http:\/\/www.bonnes.fr\/?page_id=72"},"modified":"2026-02-27T11:34:18","modified_gmt":"2026-02-27T10:34:18","slug":"associations","status":"publish","type":"page","link":"https:\/\/www.bonnes.fr\/en\/infos-pratiques\/associations\/","title":{"rendered":"Associations"},"content":{"rendered":"<p><strong>COMITE DES FETES<\/strong><br \/>\nPr\u00e9sident : Monsieur SAUTET Christophe<br \/>\nPlace de la Mairie 16390 BONNES<br \/>\nT\u00e9l : 06.87.05.74.53<\/p>\n<p><strong>SOCIETE DE CHASSE<\/strong><br \/>\nPr\u00e9sident : Monsieur CHATENET Cyril<br \/>\nLe Fresse 16390 BONNES<\/p>\n<p><strong>LE GARDON BONNOIS<\/strong> \u2013 Soci\u00e9t\u00e9 de P\u00eache<br \/>\nPr\u00e9sident : Monsieur FAURE Jean-Claude<br \/>\nChemin de l\u2019Ecurie 16390 BONNES<br \/>\nT\u00e9l : 05.45.98.56.32<\/p>\n<p><strong>LES AMIS DU PONEY-CLUB DU MASSOU<\/strong><br \/>\nMonsieur BILLAT Claude<br \/>\nSi\u00e9ge Social : Le Massou 16390 BONNES<br \/>\nT\u00e9l : 05.45.98.63.46<\/p>\n<p><strong>ARS MUSICA<\/strong> (Chorale)<br \/>\nSi\u00e8ge Social chez Madame VAN MOORSEL Elisabeth<br \/>\nRue du P\u00e9rigord 16390 BONNES<br \/>\nPr\u00e9sidente : Madame VAN OMMEREN Marjon, La cote 24410 SAINT ANTOINE CUMOND<\/p>\n<p><strong>ASSOCIATION DE MUSIQUE ET DANSE INTERNATIONALE<\/strong> (AMDI)<br \/>\nPr\u00e9sident : Monsieur Derek REID<br \/>\n11 rue du Ch\u00e2teau 16390 BONNES<br \/>\nT\u00e9l 05.45.98.51.74<\/p>\n<!-- AddThis Advanced Settings generic via filter on the_content --><!-- AddThis Share Buttons generic via filter on the_content -->","protected":false},"excerpt":{"rendered":"<p>COMITE DES FETES Pr\u00e9sident : Monsieur SAUTET Christophe Place de la Mairie 16390 BONNES T\u00e9l : 06.87.05.74.53 SOCIETE DE CHASSE Pr\u00e9sident : Monsieur CHATENET Cyril Le Fresse 16390 BONNES LE GARDON BONNOIS \u2013 Soci\u00e9t\u00e9 de P\u00eache Pr\u00e9sident : Monsieur FAURE Jean-Claude Chemin de l\u2019Ecurie 16390 BONNES T\u00e9l : 05.45.98.56.32 LES AMIS DU PONEY-CLUB DU MASSOU [&hellip;]<!-- AddThis Advanced Settings generic via filter on get_the_excerpt --><!-- AddThis Share Buttons generic via filter on get_the_excerpt --><\/p>\n","protected":false},"author":1,"featured_media":0,"parent":31,"menu_order":1,"comment_status":"closed","ping_status":"closed","template":"","meta":[],"_links":{"self":[{"href":"https:\/\/www.bonnes.fr\/en\/wp-json\/wp\/v2\/pages\/72"}],"collection":[{"href":"https:\/\/www.bonnes.fr\/en\/wp-json\/wp\/v2\/pages"}],"about":[{"href":"https:\/\/www.bonnes.fr\/en\/wp-json\/wp\/v2\/types\/page"}],"author":[{"embeddable":true,"href":"https:\/\/www.bonnes.fr\/en\/wp-json\/wp\/v2\/users\/1"}],"replies":[{"embeddable":true,"href":"https:\/\/www.bonnes.fr\/en\/wp-json\/wp\/v2\/comments?post=72"}],"version-history":[{"count":18,"href":"https:\/\/www.bonnes.fr\/en\/wp-json\/wp\/v2\/pages\/72\/revisions"}],"predecessor-version":[{"id":1436,"href":"https:\/\/www.bonnes.fr\/en\/wp-json\/wp\/v2\/pages\/72\/revisions\/1436"}],"up":[{"embeddable":true,"href":"https:\/\/www.bonnes.fr\/en\/wp-json\/wp\/v2\/pages\/31"}],"wp:attachment":[{"href":"https:\/\/www.bonnes.fr\/en\/wp-json\/wp\/v2\/media?parent=72"}],"curies":[{"name":"wp","href":"https:\/\/api.w.org\/{rel}","templated":true}]}}