{"id":76,"date":"2016-06-10T13:19:24","date_gmt":"2016-06-10T11:19:24","guid":{"rendered":"http:\/\/www.bonnes.fr\/?page_id=76"},"modified":"2025-10-03T12:38:49","modified_gmt":"2025-10-03T10:38:49","slug":"sante","status":"publish","type":"page","link":"https:\/\/www.bonnes.fr\/en\/infos-pratiques\/sante\/","title":{"rendered":"Health"},"content":{"rendered":"<p><\/p>\n<h3>Urgencies : SAMU 15<\/h3>\n<table border=\"0\" width=\"100%\" cellspacing=\"1\" cellpadding=\"1\">\n<tbody>\n<tr>\n<td width=\"696\">H\u00f4pital de Barbezieux:<\/td>\n<td width=\"160\">T\u00e9l : 05.45.78.78.00<\/td>\n<\/tr>\n<tr>\n<td width=\"696\">H\u00f4pital de Girac :<\/td>\n<td width=\"160\">T\u00e9l : 05.45.24.40.40<\/td>\n<\/tr>\n<tr>\n<td width=\"696\">H\u00f4pital de Libourne :<\/td>\n<td width=\"160\">T\u00e9l : 05.57.55.34.34<\/td>\n<\/tr>\n<tr>\n<td width=\"696\">H\u00f4pital de P\u00e9rigueux<\/td>\n<td width=\"160\">T\u00e9l : 05.53.45.25.25<\/td>\n<\/tr>\n<\/tbody>\n<\/table>\n<h3 id=\"line\">Pharmacies :<\/h3>\n<table border=\"0\" width=\"100%\" cellspacing=\"0\" cellpadding=\"0\">\n<tbody>\n<tr>\n<td width=\"135\">Aubeterre :<\/td>\n<td width=\"563\">Pharmacie Lacrampe, Quartier plaisance<\/td>\n<td width=\"163\">T\u00e9l : 05.45.98.50.07<\/td>\n<\/tr>\n<tr>\n<td width=\"135\">Saint Severin :<\/td>\n<td width=\"563\">Pharmacie Marsaud Jean-Louis, Grand Rue<\/td>\n<td width=\"163\">T\u00e9l : 05.45.98.52.37<\/td>\n<\/tr>\n<tr>\n<td width=\"135\">Saint Aulaye :<\/td>\n<td width=\"563\">Pharmacie Ferrand, 6 Place Pasteur<\/td>\n<td width=\"163\">T\u00e9l : 05.53.90.80.74<\/td>\n<\/tr>\n<tr>\n<td width=\"135\"><\/td>\n<td width=\"563\"><\/td>\n<td width=\"163\"><\/td>\n<\/tr>\n<\/tbody>\n<\/table>\n<h3 id=\"line\">Docters :<\/h3>\n<table border=\"0\" width=\"100%\" cellspacing=\"1\" cellpadding=\"1\">\n<tbody>\n<tr>\n<td width=\"130\">Aubeterre :<\/td>\n<td style=\"text-align: left;\" width=\"561\">Docteur CALAUZ Adina\u00a0\u00a0<img decoding=\"async\" loading=\"lazy\" class=\"alignnone wp-image-264\" src=\"http:\/\/www.bonnes.fr\/wp-content\/uploads\/2016\/06\/EN.gif\" alt=\"EN\" width=\"29\" height=\"18\" \/><\/td>\n<td width=\"160\">T\u00e9l : 05.45.98.50.18<\/td>\n<\/tr>\n<tr>\n<td width=\"130\">Saint Privat :<\/td>\n<td width=\"561\">CHAUSSADE R\u00e9my<\/td>\n<td width=\"160\">T\u00e9l : 05.53.91.22.11<\/td>\n<\/tr>\n<tr>\n<td width=\"130\">Saint Aulaye :<\/td>\n<td width=\"561\">DUMONTET Jean Louis<\/td>\n<td width=\"160\">T\u00e9l : 05.53.90.61.68<\/td>\n<\/tr>\n<tr>\n<td width=\"130\"><\/td>\n<td width=\"561\">FELIX Maryse<\/td>\n<td width=\"160\">T\u00e9l : 05.53.90.88.32<\/td>\n<\/tr>\n<\/tbody>\n<\/table>\n<h3 id=\"line\">Neurses :<\/h3>\n<table border=\"0\" width=\"100%\" cellspacing=\"1\" cellpadding=\"1\">\n<tbody>\n<tr>\n<td width=\"124\">Aubeterre<\/td>\n<td width=\"160\">T\u00e9l : 05.45.98.63.72<\/td>\n<\/tr>\n<tr>\n<td width=\"124\">Saint-Aulaye<\/td>\n<td width=\"567\">Mme Arnould Carole<\/td>\n<td width=\"160\">T\u00e9l : 05.53.90.87.28<\/td>\n<\/tr>\n<tr>\n<td width=\"124\"><\/td>\n<td width=\"567\">MmeFernandez Fleur<\/td>\n<td width=\"160\">T\u00e9l : 05.53.90.63.60<\/td>\n<\/tr>\n<tr>\n<td width=\"124\"><\/td>\n<td width=\"567\">Mme Moulinet Brigitte<\/td>\n<td width=\"160\">T\u00e9l : 05.53.90.87.28<\/td>\n<\/tr>\n<\/tbody>\n<\/table>\n<h3 id=\"line\">Speech therapist :<\/h3>\n<p>Mme Van Mens, 27 rue Saint Jacques, 16390 Aubeterre T\u00e9l : 06.73.12.72.19 <a href=\"http:\/\/www.bonnes.fr\/wp-content\/uploads\/2016\/06\/EN.gif\" data-rel=\"lightbox-image-0\" data-rl_title=\"\" data-rl_caption=\"\" title=\"\"><img decoding=\"async\" loading=\"lazy\" class=\"alignnone size-full wp-image-264\" src=\"http:\/\/www.bonnes.fr\/wp-content\/uploads\/2016\/06\/EN.gif\" alt=\"EN\" width=\"25\" height=\"16\" \/><\/a><\/p>\n<h3 id=\"line\">Dentist :<\/h3>\n<p>Mme Collombat, Rue du Docteur Hippolyte Lacroix &#8211; 24410 Saint-Aulaye, T\u00e9l : 05.53.91.18.81<\/p>\n<h3 id=\"line\">Physiotherapist :<\/h3>\n<p>Sebart Denis, Rue du Docteur Hippolyte Lacroix &#8211; 24410 T\u00e9l : 05.53.90.81.58 Saint-Aulaye<\/p>\n<h3 id=\"line\">Psychologue Clinicienne Psychoth\u00e9rapeute:<\/h3>\n<p>(entretiens familiaux, conjugaux ou individuels, groupes de parole, analyse de la pratique)<\/p>\n<p>Mme Catherine De Guillebon, 7 rue du P\u00e9rigord, 16390 Bonnes, T\u00e9l 06.86.27.66.73<br \/>\nemail: <a href=\"mailto:cath2g@orange.fr\">cath2g@orange.fr <\/a><\/p>\n<h3 id=\"line\">Help at home :<\/h3>\n<p><strong> ADMR<\/strong> : association du service \u00e0 domicile 16390 AUBETERRE, T\u00e9l : 05.45.98.40.81<\/p>\n<h3 id=\"line\">Social assistent\u00a0 :<\/h3>\n<p>Centre M\u00e9dico-social 39 rue de Barbezieux 16210 Chalais T\u00e9l : 05.16.09.51.21<\/p>\n<h3>Elderly homes EHPAD<\/h3>\n<p>Aubeterre T\u00e9l : 05.45.98.50.27<br \/>\nSaint Aulaye H\u00f4pital Chenard T\u00e9l : 05.53.92.43.00<br \/>\nChalais T\u00e9l : 05.45.98.12.65<\/p>\n<p>&nbsp;<\/p>\n<!-- AddThis Advanced Settings generic via filter on the_content --><!-- AddThis Share Buttons generic via filter on the_content -->","protected":false},"excerpt":{"rendered":"<p>Urgencies : SAMU 15 H\u00f4pital de Barbezieux: T\u00e9l : 05.45.78.78.00 H\u00f4pital de Girac : T\u00e9l : 05.45.24.40.40 H\u00f4pital de Libourne : T\u00e9l : 05.57.55.34.34 H\u00f4pital de P\u00e9rigueux T\u00e9l : 05.53.45.25.25 Pharmacies : Aubeterre : Pharmacie Lacrampe, Quartier plaisance T\u00e9l : 05.45.98.50.07 Saint Severin : Pharmacie Marsaud Jean-Louis, Grand Rue T\u00e9l : 05.45.98.52.37 Saint Aulaye : [&hellip;]<!-- AddThis Advanced Settings generic via filter on get_the_excerpt --><!-- AddThis Share Buttons generic via filter on get_the_excerpt --><\/p>\n","protected":false},"author":1,"featured_media":0,"parent":31,"menu_order":2,"comment_status":"closed","ping_status":"closed","template":"","meta":[],"_links":{"self":[{"href":"https:\/\/www.bonnes.fr\/en\/wp-json\/wp\/v2\/pages\/76"}],"collection":[{"href":"https:\/\/www.bonnes.fr\/en\/wp-json\/wp\/v2\/pages"}],"about":[{"href":"https:\/\/www.bonnes.fr\/en\/wp-json\/wp\/v2\/types\/page"}],"author":[{"embeddable":true,"href":"https:\/\/www.bonnes.fr\/en\/wp-json\/wp\/v2\/users\/1"}],"replies":[{"embeddable":true,"href":"https:\/\/www.bonnes.fr\/en\/wp-json\/wp\/v2\/comments?post=76"}],"version-history":[{"count":18,"href":"https:\/\/www.bonnes.fr\/en\/wp-json\/wp\/v2\/pages\/76\/revisions"}],"predecessor-version":[{"id":1399,"href":"https:\/\/www.bonnes.fr\/en\/wp-json\/wp\/v2\/pages\/76\/revisions\/1399"}],"up":[{"embeddable":true,"href":"https:\/\/www.bonnes.fr\/en\/wp-json\/wp\/v2\/pages\/31"}],"wp:attachment":[{"href":"https:\/\/www.bonnes.fr\/en\/wp-json\/wp\/v2\/media?parent=76"}],"curies":[{"name":"wp","href":"https:\/\/api.w.org\/{rel}","templated":true}]}}