{"id":78,"date":"2016-06-10T13:19:54","date_gmt":"2016-06-10T11:19:54","guid":{"rendered":"http:\/\/www.bonnes.fr\/?page_id=78"},"modified":"2025-10-09T09:54:31","modified_gmt":"2025-10-09T07:54:31","slug":"services","status":"publish","type":"page","link":"https:\/\/www.bonnes.fr\/en\/infos-pratiques\/services\/","title":{"rendered":"Services"},"content":{"rendered":"<p><strong>Electricity ERDF :<\/strong><\/p>\n<p>Raccordement \u00e9lectricit\u00e9 T\u00e9l : 09.69.32.18.84<br \/>\nSite : erdf-are-poitoucharentes@erdfdistribution.fr<br \/>\nE-mail : www.erdfdistribution.fr<br \/>\nD\u00e9pannage et s\u00e9curit\u00e9 24h\/24 T\u00e9l : 0810 333 016<\/p>\n<p><strong>Water :<\/strong><br \/>\nAGUR T\u00e9l : 09.69.39.40.00<\/p>\n<p><strong>Telephone :France T\u00e9l\u00e9com \/ Organge<\/strong><br \/>\nT\u00e9l : 1013<\/p>\n<p><strong>Septic tank\u00a0<\/strong> : Service Public Assainissement Non Collectif ( SPANC) :<br \/>\nLocaux situ\u00e9s au Relai Service Public de Montmoreau T\u00e9l : 05.45.21.82.73<\/p>\n<p>Communaut\u00e9 de communes Tude et Dronne :<br \/>\n2 rue Jean R\u00e9mon 16210 CHALAIS;T\u00e9l : 05.45.98.59.51<\/p>\n<p><strong>TRANSPORT and BUS:<\/strong><\/p>\n<p>Depuis septembre 2012, la tarification est unique sur tout le r\u00e9seau de transport d\u00e9partemental, \u00e0 savoir 1 euros quel que soit le trajet. Pour renseignements contacter Angoul\u00eame (Cartrans) 05.45.95.95.99 ou Barbezieux 05.45.78.17.29.<\/p>\n<p>Horaires indicatifs :D\u00e9part 7h38 Bourg d&#8217;Aubeterre et arriv\u00e9e Angoul\u00eame 8h49. Pour retour d\u00e9part Angoul\u00eame 17h22 arriv\u00e9e Aubeterre 18h46 (se renseigner pour plus de d\u00e9tails pour les horaires).<\/p>\n<!-- AddThis Advanced Settings generic via filter on the_content --><!-- AddThis Share Buttons generic via filter on the_content -->","protected":false},"excerpt":{"rendered":"<p>Electricity ERDF : Raccordement \u00e9lectricit\u00e9 T\u00e9l : 09.69.32.18.84 Site : erdf-are-poitoucharentes@erdfdistribution.fr E-mail : www.erdfdistribution.fr D\u00e9pannage et s\u00e9curit\u00e9 24h\/24 T\u00e9l : 0810 333 016 Water : AGUR T\u00e9l : 09.69.39.40.00 Telephone :France T\u00e9l\u00e9com \/ Organge T\u00e9l : 1013 Septic tank\u00a0 : Service Public Assainissement Non Collectif ( SPANC) : Locaux situ\u00e9s au Relai Service Public de [&hellip;]<!-- AddThis Advanced Settings generic via filter on get_the_excerpt --><!-- AddThis Share Buttons generic via filter on get_the_excerpt --><\/p>\n","protected":false},"author":1,"featured_media":0,"parent":31,"menu_order":3,"comment_status":"closed","ping_status":"closed","template":"","meta":[],"_links":{"self":[{"href":"https:\/\/www.bonnes.fr\/en\/wp-json\/wp\/v2\/pages\/78"}],"collection":[{"href":"https:\/\/www.bonnes.fr\/en\/wp-json\/wp\/v2\/pages"}],"about":[{"href":"https:\/\/www.bonnes.fr\/en\/wp-json\/wp\/v2\/types\/page"}],"author":[{"embeddable":true,"href":"https:\/\/www.bonnes.fr\/en\/wp-json\/wp\/v2\/users\/1"}],"replies":[{"embeddable":true,"href":"https:\/\/www.bonnes.fr\/en\/wp-json\/wp\/v2\/comments?post=78"}],"version-history":[{"count":16,"href":"https:\/\/www.bonnes.fr\/en\/wp-json\/wp\/v2\/pages\/78\/revisions"}],"predecessor-version":[{"id":1406,"href":"https:\/\/www.bonnes.fr\/en\/wp-json\/wp\/v2\/pages\/78\/revisions\/1406"}],"up":[{"embeddable":true,"href":"https:\/\/www.bonnes.fr\/en\/wp-json\/wp\/v2\/pages\/31"}],"wp:attachment":[{"href":"https:\/\/www.bonnes.fr\/en\/wp-json\/wp\/v2\/media?parent=78"}],"curies":[{"name":"wp","href":"https:\/\/api.w.org\/{rel}","templated":true}]}}