{"id":82,"date":"2016-06-10T13:21:08","date_gmt":"2016-06-10T11:21:08","guid":{"rendered":"http:\/\/www.bonnes.fr\/?page_id=82"},"modified":"2016-09-10T10:37:45","modified_gmt":"2016-09-10T08:37:45","slug":"loisirs","status":"publish","type":"page","link":"https:\/\/www.bonnes.fr\/en\/loisirs\/","title":{"rendered":"Leisure"},"content":{"rendered":"<p>Swimming<\/p>\n<ul>\n<ul>\n<li>Plage d\u2019Aubeterre<\/li>\n<li>Plage de Saint-Aulaye<\/li>\n<li>Etang de La Jemaye<\/li>\n<\/ul>\n<\/ul>\n<ul>\n<ul>Cinema :<\/p>\n<li>Saint Aulaye T\u00e9l : 05.53.90.80.73<\/li>\n<li>Montmoreau\u00a0 allocine.fr<\/li>\n<li>Rib\u00e9rac T\u00e9l : 05.53.90.29.08<\/li>\n<\/ul>\n<\/ul>\n<ul>\n<ul>Public swimming pools<\/ul>\n<\/ul>\n<ul>\n<ul>\n<li>Chalais T\u00e9l 05.45.98.12.21<\/li>\n<li>Montmoreau\u00a0 T\u00e9l : 05.45.60.37.88<\/li>\n<li>Rib\u00e9rac T\u00e9l : 05.53.91.58.58<\/li>\n<\/ul>\n<\/ul>\n<ul>\n<ul>Indoor pools :<\/ul>\n<\/ul>\n<ul>\n<ul>\n<li>Saint Yriex Angoul\u00eame \u00ab Nautilis \u00bb T\u00e9l : 05.45.95.50.00<\/li>\n<li>Jonzac \u00ab Les Antilles \u00bb T\u00e9l 05.46.86.48.00<\/li>\n<\/ul>\n<\/ul>\n<ul>\n<ul>Cano\u00eb Kayak :<\/ul>\n<\/ul>\n<ul>\n<ul>\n<li>Aubeterre T\u00e9l : 05.45.98.51.72<\/li>\n<\/ul>\n<\/ul>\n<ul>\n<ul>Horseback riding :<\/ul>\n<\/ul>\n<ul>\n<ul>\n<li>Cercle Hippique du Massou,\u00a0 Bonnes T\u00e9l 05.45.98.63.46<\/li>\n<\/ul>\n<\/ul>\n<ul>\n<ul>Fishing :<\/ul>\n<\/ul>\n<ul>\n<ul>\n<li>\u00ab Le Gardon Bonnois \u00bb, Bonnes T\u00e9l : 05.45.98.56.32<\/li>\n<\/ul>\n<\/ul>\n<ul>\n<ul>Walking tracs<\/ul>\n<\/ul>\n<ul>\n<ul>\n<li>Flyer at the tourist office in Aubeterre T\u00e9l 05.45.98.57.18<a href=\"http:\/\/www.bonnes.fr\/media\/pdf\/rendonnez_pays_aubeterre.pdf\"><br \/>\n<\/a><\/li>\n<\/ul>\n<\/ul>\n<ul>\n<ul>Activit\u00e9s divers<\/p>\n<li>Grimpe encadr\u00e9e dans les arbres association TIK et TAK<br \/>\nT\u00e9l : 06.85.58.39.13 ou 05.45.98.66.71<br \/>\n<a href=\"http:\/\/www.tikettak.org\" target=\"_blank\">http:\/\/www.tikettak.org<\/a>, email : <a href=\"mailto:http:\/\/www.tikettak.org\">info@tikettak.org<\/a><\/li>\n<li>Football-club aubeterrien,<br \/>\n<a href=\"http:\/\/www.fcaubeterre.fr\" target=\"_blank\">www.fcaubeterre.fr<\/a> ,T\u00e9l : 05.45.98.63.98<\/li>\n<li>Ecole de Tennis,<br \/>\n<a href=\"http:\/\/www.aubeterresurdronne.com\/pages\/fr\/a-faire\/club-tennis.php\" target=\"_blank\">www.aubeterresurdronne.com\/club-tennis<\/a>\u00a0 T\u00e9l : 05.45.98.57.76<\/li>\n<\/ul>\n<\/ul>\n<ul>More info&#8230;<\/p>\n<ul>\n<li>Mairie de Bonnes: T\u00e9l 05.45.98.51.74<\/li>\n<li>Office de tourisme Aubeterre T\u00e9l : 05.45.98.57.18<\/li>\n<li>Office de tourisme Saint-Aulaye T\u00e9l : 05.53.90.63.74<\/li>\n<\/ul>\n<\/ul>\n<p><\/p>\n<!-- AddThis Advanced Settings generic via filter on the_content --><!-- AddThis Share Buttons generic via filter on the_content -->","protected":false},"excerpt":{"rendered":"<p>Swimming Plage d\u2019Aubeterre Plage de Saint-Aulaye Etang de La Jemaye Cinema : Saint Aulaye T\u00e9l : 05.53.90.80.73 Montmoreau\u00a0 allocine.fr Rib\u00e9rac T\u00e9l : 05.53.90.29.08 Public swimming pools Chalais T\u00e9l 05.45.98.12.21 Montmoreau\u00a0 T\u00e9l : 05.45.60.37.88 Rib\u00e9rac T\u00e9l : 05.53.91.58.58 Indoor pools : Saint Yriex Angoul\u00eame \u00ab Nautilis \u00bb T\u00e9l : 05.45.95.50.00 Jonzac \u00ab Les Antilles \u00bb T\u00e9l [&hellip;]<!-- AddThis Advanced Settings generic via filter on get_the_excerpt --><!-- AddThis Share Buttons generic via filter on get_the_excerpt --><\/p>\n","protected":false},"author":1,"featured_media":0,"parent":0,"menu_order":4,"comment_status":"closed","ping_status":"closed","template":"","meta":[],"_links":{"self":[{"href":"https:\/\/www.bonnes.fr\/en\/wp-json\/wp\/v2\/pages\/82"}],"collection":[{"href":"https:\/\/www.bonnes.fr\/en\/wp-json\/wp\/v2\/pages"}],"about":[{"href":"https:\/\/www.bonnes.fr\/en\/wp-json\/wp\/v2\/types\/page"}],"author":[{"embeddable":true,"href":"https:\/\/www.bonnes.fr\/en\/wp-json\/wp\/v2\/users\/1"}],"replies":[{"embeddable":true,"href":"https:\/\/www.bonnes.fr\/en\/wp-json\/wp\/v2\/comments?post=82"}],"version-history":[{"count":7,"href":"https:\/\/www.bonnes.fr\/en\/wp-json\/wp\/v2\/pages\/82\/revisions"}],"predecessor-version":[{"id":492,"href":"https:\/\/www.bonnes.fr\/en\/wp-json\/wp\/v2\/pages\/82\/revisions\/492"}],"wp:attachment":[{"href":"https:\/\/www.bonnes.fr\/en\/wp-json\/wp\/v2\/media?parent=82"}],"curies":[{"name":"wp","href":"https:\/\/api.w.org\/{rel}","templated":true}]}}