{"id":84,"date":"2016-06-10T13:21:39","date_gmt":"2016-06-10T11:21:39","guid":{"rendered":"http:\/\/www.bonnes.fr\/?page_id=84"},"modified":"2025-10-03T17:16:29","modified_gmt":"2025-10-03T15:16:29","slug":"hebergement","status":"publish","type":"page","link":"https:\/\/www.bonnes.fr\/en\/hebergement\/","title":{"rendered":"Places to stay"},"content":{"rendered":"<p><\/p>\n<h3 id=\"top-main\">&#8220;Aire-Naturelle de Camping du val de Dronne&#8221;<\/h3>\n<div class=\"main-content\">\n<p>If you want to spend several relaxing days by the river, in a warm, family atmosphere, the peaceful Bonnes campsite is just the place. Moreover its pleasant and shaded \u00ab emplacements \u00bb are competitively priced.<br \/>\nOnly 5 minutes by car from Aubeterre sur Dronne and Saint-Aulaye, you can also visit le P\u00e9rigord noir,\u00a0 Libourne and Saint Emilion, Cognac, P\u00e8rigueux or Angoul\u00eame, all around 45 minutes away.<\/p>\n<p><strong><span style=\"color: #800000;\">TARIF <\/span><\/strong>:<\/p>\n<ul>\n<li>PLACE : 2.40 \u20ac par day<\/li>\n<li>PERSONN : 1.20 \u20ac par day<\/li>\n<li>ELECTRICITY : 0.80 \u20ac par pay<\/li>\n<\/ul>\n<p>GARAGE \u00ab MORT ( Caravan or camper storage on campsite \u00bb :<\/p>\n<ul>\n<li>Outside of 15 JUILLET to 31 AOUT : 1.60 \u20ac per day and per emplacement. (free for clients who have spent 30 days plus on the site)<\/li>\n<li>High season 15 JUILLET au 31 AOUT : 2.40 \u20ac per day and per emplacement.<\/li>\n<\/ul>\n<p><strong>For further information and reservations, contact la mairie : 05.45.98.51.74<\/strong><br \/>\n<a href=\"http:\/\/www.bonnes.fr\/wp-content\/uploads\/2016\/06\/camping.jpg\" data-rel=\"lightbox-image-0\" data-rl_title=\"\" data-rl_caption=\"\" title=\"\"><img decoding=\"async\" loading=\"lazy\" class=\"alignnone size-full wp-image-116\" src=\"http:\/\/www.bonnes.fr\/wp-content\/uploads\/2016\/06\/camping.jpg\" alt=\"camping\" width=\"550\" height=\"150\" srcset=\"https:\/\/www.bonnes.fr\/wp-content\/uploads\/2016\/06\/camping.jpg 550w, https:\/\/www.bonnes.fr\/wp-content\/uploads\/2016\/06\/camping-300x82.jpg 300w, https:\/\/www.bonnes.fr\/wp-content\/uploads\/2016\/06\/camping-250x68.jpg 250w\" sizes=\"(max-width: 550px) 100vw, 550px\" \/><\/a><\/p>\n<h3>Camping \u00e0 la ferme<\/h3>\n<h3>&#8220;La Petite Grange&#8221;, ouvert toute l\u2019ann\u00e9e T\u00e9l : 05.45.98.54.28<\/h3>\n<h3 id=\"line\">B&#038;B<\/h3>\n<p>&#8220;La Petite Grange&#8221;. T\u00e9l : 05.45.98.54.28<\/p>\n<div id=\"line\"><\/div>\n<h3>Cottages :<\/h3>\n<p>&#8220;La Petite Grange&#8221; T\u00e9l : 05.45.98.54.28<br \/>\n&#8220;Tramonzac&#8221; T\u00e9l : 05.45.98.44.76<br \/>\n&#8220;Fontaubier&#8221; T\u00e9l : 05.53.91.91.16<br \/>\n&#8220;La Gauterie&#8221; T\u00e9l : 05.45.98.51.81<br \/>\n&#8220;Le Pible&#8221; T\u00e8l : 05.45.98.55.76<\/p>\n<p>&#8220;Le Bost&#8221; T\u00e8l: 05.45.78.26.83<\/p>\n<h3 id=\"line\">Hotels in the area :<\/h3>\n<p><strong><span style=\"color: #800000;\">Aubeterre<\/span><\/strong><\/p>\n<ul>\n<li><a href=\"http:\/\/www.hostellerie-perigord.com\" target=\"_blank\" rel=\"noopener\">Hostellerie du P\u00e9rigord<\/a> T\u00e9l : 05.45.98.50.46<\/li>\n<li>H\u00f4tel de France T\u00e9l : 05.45.98.50.43<\/li>\n<\/ul>\n<p><span style=\"color: #800000;\"><strong>Saint-Romain<\/strong><\/span><\/p>\n<ul>\n<li><a href=\"http:\/\/www.logishotels.com\/en\/hotel-Hotel-La-Braisiere-6703.html\" target=\"_blank\" rel=\"noopener\">La Braisiere<\/a> H\u00f4tel Le Bourg 16210 Saint Romain T\u00e9l : 5.45.98.51.35<\/li>\n<\/ul>\n<p><strong><span style=\"color: #800000;\">Saint-Severin<\/span><\/strong><\/p>\n<ul>\n<li>H\u00f4tel de la Paix T\u00e9l : 05.45.98.52.25<\/li>\n<\/ul>\n<p><span style=\"color: #800000;\"><strong>Chalais<\/strong><\/span><\/p>\n<ul>\n<li>La Cagouille T\u00e9l : 05.45.98.14.68<\/li>\n<\/ul>\n<p><strong><span style=\"color: #800000;\">Rib\u00e9rac<\/span><\/strong><\/p>\n<ul>\n<li>Rev\u2019H\u00f4tel T\u00e9l : 05.53.91.62.62<\/li>\n<li>Nuits \u00e9toil\u00e9es T\u00e9l : 05.53.91.62.62<\/li>\n<\/ul>\n<\/div>\n<p><\/p>\n<!-- AddThis Advanced Settings generic via filter on the_content --><!-- AddThis Share Buttons generic via filter on the_content -->","protected":false},"excerpt":{"rendered":"<p>&#8220;Aire-Naturelle de Camping du val de Dronne&#8221; If you want to spend several relaxing days by the river, in a warm, family atmosphere, the peaceful Bonnes campsite is just the place. Moreover its pleasant and shaded \u00ab emplacements \u00bb are competitively priced. Only 5 minutes by car from Aubeterre sur Dronne and Saint-Aulaye, you can [&hellip;]<!-- AddThis Advanced Settings generic via filter on get_the_excerpt --><!-- AddThis Share Buttons generic via filter on get_the_excerpt --><\/p>\n","protected":false},"author":1,"featured_media":0,"parent":0,"menu_order":5,"comment_status":"closed","ping_status":"closed","template":"","meta":[],"_links":{"self":[{"href":"https:\/\/www.bonnes.fr\/en\/wp-json\/wp\/v2\/pages\/84"}],"collection":[{"href":"https:\/\/www.bonnes.fr\/en\/wp-json\/wp\/v2\/pages"}],"about":[{"href":"https:\/\/www.bonnes.fr\/en\/wp-json\/wp\/v2\/types\/page"}],"author":[{"embeddable":true,"href":"https:\/\/www.bonnes.fr\/en\/wp-json\/wp\/v2\/users\/1"}],"replies":[{"embeddable":true,"href":"https:\/\/www.bonnes.fr\/en\/wp-json\/wp\/v2\/comments?post=84"}],"version-history":[{"count":21,"href":"https:\/\/www.bonnes.fr\/en\/wp-json\/wp\/v2\/pages\/84\/revisions"}],"predecessor-version":[{"id":1405,"href":"https:\/\/www.bonnes.fr\/en\/wp-json\/wp\/v2\/pages\/84\/revisions\/1405"}],"wp:attachment":[{"href":"https:\/\/www.bonnes.fr\/en\/wp-json\/wp\/v2\/media?parent=84"}],"curies":[{"name":"wp","href":"https:\/\/api.w.org\/{rel}","templated":true}]}}