{"id":86,"date":"2016-06-10T13:22:00","date_gmt":"2016-06-10T11:22:00","guid":{"rendered":"http:\/\/www.bonnes.fr\/?page_id=86"},"modified":"2025-11-18T18:07:54","modified_gmt":"2025-11-18T17:07:54","slug":"commerces","status":"publish","type":"page","link":"https:\/\/www.bonnes.fr\/en\/commerces\/","title":{"rendered":"Commerces"},"content":{"rendered":"<p><\/p>\n<h3><strong><a href=\"http:\/\/www.bonnes.fr\/wp-content\/uploads\/2016\/06\/estetique.jpg\" data-rel=\"lightbox-image-0\" data-rl_title=\"\" data-rl_caption=\"\" title=\"\"><img decoding=\"async\" loading=\"lazy\" class=\"alignleft wp-image-131\" src=\"http:\/\/www.bonnes.fr\/wp-content\/uploads\/2016\/06\/estetique.jpg\" alt=\"estetique\" width=\"140\" height=\"140\" srcset=\"https:\/\/www.bonnes.fr\/wp-content\/uploads\/2016\/06\/estetique.jpg 200w, https:\/\/www.bonnes.fr\/wp-content\/uploads\/2016\/06\/estetique-150x150.jpg 150w\" sizes=\"(max-width: 140px) 100vw, 140px\" \/><\/a>Salon Esthetique <\/strong><\/h3>\n<p>Marina a ouvert son &#8220;institut bien \u00eatre et beaut\u00e9&#8221;.<br \/>\nEsth\u00e9tique, \u00e9pilation, massages, soins du corps, stylisme ongulaire..<br \/>\nPlace de la Mairie<br \/>\nT\u00e9l : 05.45.78.23.15.<\/p>\n<hr \/>\n<h3><strong><a href=\"http:\/\/www.bonnes.fr\/wp-content\/uploads\/2016\/06\/boulangerie.jpg\" data-rel=\"lightbox-image-1\" data-rl_title=\"\" data-rl_caption=\"\" title=\"\"><img decoding=\"async\" loading=\"lazy\" class=\"alignleft wp-image-133\" src=\"http:\/\/www.bonnes.fr\/wp-content\/uploads\/2016\/06\/boulangerie.jpg\" alt=\"boulangerie\" width=\"140\" height=\"140\" srcset=\"https:\/\/www.bonnes.fr\/wp-content\/uploads\/2016\/06\/boulangerie.jpg 200w, https:\/\/www.bonnes.fr\/wp-content\/uploads\/2016\/06\/boulangerie-150x150.jpg 150w\" sizes=\"(max-width: 140px) 100vw, 140px\" \/><\/a>Boulangerie &#8211; Patisserie <\/strong><\/h3>\n<p>JOSE et MARTINE vous accueillent \u00e0 Bonnes.<br \/>\nHoraires : 6h30-13h, 15h30-19h30.<br \/>\nFermeture le lundi et le dimanche apr\u00e8s-midi.<br \/>\nt\u00e9l : 06.86.41.39.72<\/p>\n<hr \/>\n<h3><a href=\"http:\/\/www.bonnes.fr\/wp-content\/uploads\/2016\/06\/coiffeuse.jpg\" data-rel=\"lightbox-image-2\" data-rl_title=\"\" data-rl_caption=\"\" title=\"\"><img decoding=\"async\" loading=\"lazy\" class=\"alignleft wp-image-135\" src=\"http:\/\/www.bonnes.fr\/wp-content\/uploads\/2016\/06\/coiffeuse.jpg\" alt=\"coiffeuse\" width=\"140\" height=\"140\" srcset=\"https:\/\/www.bonnes.fr\/wp-content\/uploads\/2016\/06\/coiffeuse.jpg 200w, https:\/\/www.bonnes.fr\/wp-content\/uploads\/2016\/06\/coiffeuse-150x150.jpg 150w\" sizes=\"(max-width: 140px) 100vw, 140px\" \/><\/a>Salon de Coiffure &#8220;Bonnes coupes&#8221;<\/h3>\n<p>Place de la Mairie<br \/>\n16390 Bonnes<br \/>\nT\u00e9l : 05.45.78.05.36<\/p>\n<hr \/>\n<h3>La Table \u00e0 Pizz<\/h3>\n<p>&#8220;Pizzeria\/Bistrot, ouvert du mercredi au dimanche (hors saison) midi et soir.<br \/>\nPizza \u00e0 manger sur place ou \u00e0 emporter.<br \/>\nPour plus de renseignement ou pour r\u00e9server : 05.24.14.80.62<\/p>\n<hr \/>\n<h3><a href=\"http:\/\/www.bonnes.fr\/wp-content\/uploads\/2016\/06\/canard.jpg\" data-rel=\"lightbox-image-3\" data-rl_title=\"\" data-rl_caption=\"\" title=\"\"><img decoding=\"async\" loading=\"lazy\" class=\"alignleft wp-image-134\" src=\"http:\/\/www.bonnes.fr\/wp-content\/uploads\/2016\/06\/canard.jpg\" alt=\"canard\" width=\"140\" height=\"140\" srcset=\"https:\/\/www.bonnes.fr\/wp-content\/uploads\/2016\/06\/canard.jpg 200w, https:\/\/www.bonnes.fr\/wp-content\/uploads\/2016\/06\/canard-150x150.jpg 150w\" sizes=\"(max-width: 140px) 100vw, 140px\" \/><\/a>Tour de Canard, Louer une 2CV<\/h3>\n<p>Citro\u00ebn 2CV \u00e0 louer\u2026 ! Tour de Canard vous offre l\u2019opportunit\u00e9 de louer une 2CV et d\u2019explorer la r\u00e9gion \u00e0 votre rythme, de fa\u00e7on d\u00e9contract\u00e9e et nostalgique.<\/p>\n<p>Tarifs de location: \u00e0 partir de 109\u20ac la journ\u00e9e.<br \/>\nLe Massou 16390 Bonnes<br \/>\nT\u00e9l : 06 31 20 68 33<br \/>\nemail : <a href=\"mailto:info@tourdecanard.com\"> info@tourdecanard.com<br \/>\n<\/a>Site : <a href=\"http:\/\/www.tourdecanard.com\/fr\/index.html\" target=\"_blank\" rel=\"noopener\">www.tourdecanard.com<\/a><\/p>\n<hr \/>\n<h3>Charpentier\/ma\u00e7on<\/h3>\n<p>Monsieur Jerry Mawdsley<br \/>\nRestauration et am\u00e9nagement, ma\u00eetre de chantier<\/p>\n<p>T\u00e9l 05.45.78.26.83<br \/>\nPortable 06.88.84.86.41<\/p>\n<hr \/>\n<h3>Atelier d&#8217;Architecture<\/h3>\n<p>Xavier &amp; Claire Georges<\/p>\n<p>La Lev\u00e9e<br \/>\nT\u00e9l :05.45.98.22.56<br \/>\nemail : <a href=\"mailto:info@architecte-charente.com\"><br \/>\ninfo@architecte-charente.com<\/a><\/p>\n<p>Site : <a href=\"http:\/\/www.architecte-charente.com\" target=\"_blank\" rel=\"noopener\">http:\/\/www.architecte-charente.com<\/a><\/p>\n<hr \/>\n<h3>Construction et r\u00e9novation de Piscine<\/h3>\n<p>Chris LOOSEMORE<br \/>\nLes Bois du Roi &#8211; Le Dedoux<br \/>\n16390 Bonnes<\/p>\n<p>T\u00e9l : 06.89.46.15.08<br \/>\nemail : <a href=\"mailto:info@pools-piscines.com\">info@pools-piscines.com<\/a><br \/>\nsite : <a href=\"http:\/\/pools-piscines.com\" target=\"_blank\" rel=\"noopener\">www.pools-piscines.com<br \/>\n<\/a><\/p>\n<hr \/>\n<h3>Ma\u00e7onnerie neuf et r\u00e9novation<br \/>\nB\u00e9ton arm\u00e9 &#8211; Chape de finition &#8211; Charpente &#8211; Couverture<\/h3>\n<p>Sarl ADAMY et CIE<br \/>\n16390 BONNES<\/p>\n<p>T\u00e9l : 06.69.16.81.93<br \/>\nmail : <a href=\"mailto:sarl.adamy.cie@orange.fr\">sarl.adamy.cie@orange.fr<\/a><\/p>\n<hr \/>\n<h3>Peintre b\u00e2timent &#8211; plaquiste<\/h3>\n<p>GIMEL Dimitri<br \/>\nChez Boisdron<br \/>\n16390 BONNES<\/p>\n<p>T\u00e9l : 06.78.04.90.04 ou 05.53.90.44.08<\/p>\n<hr \/>\n<h3>Travaux Agricoles<\/h3>\n<p>Eirl ROUSSILLON Nicolas<br \/>\nLe Monjat<br \/>\n16390 BONNES<\/p>\n<p>T\u00e9l : 06.08.24.85.82<br \/>\nEmail : <a href=\"mailto:\">roussillonnicolas@wanadoo.fr<\/a><\/p>\n<h3><strong><a href=\"http:\/\/www.bonnes.fr\/wp-content\/uploads\/2016\/06\/estetique.jpg\" data-rel=\"lightbox-image-0\" data-rl_title=\"\" data-rl_caption=\"\" title=\"\"><img decoding=\"async\" loading=\"lazy\" class=\"alignleft wp-image-131\" src=\"http:\/\/www.bonnes.fr\/wp-content\/uploads\/2016\/06\/estetique.jpg\" alt=\"estetique\" width=\"140\" height=\"140\" srcset=\"https:\/\/www.bonnes.fr\/wp-content\/uploads\/2016\/06\/estetique.jpg 200w, https:\/\/www.bonnes.fr\/wp-content\/uploads\/2016\/06\/estetique-150x150.jpg 150w\" sizes=\"(max-width: 140px) 100vw, 140px\" \/><\/a>Salon Esthetique <\/strong><\/h3>\n<p>Marina a ouvert son &#8220;institut bien \u00eatre et beaut\u00e9&#8221;.<br \/>\nEsth\u00e9tique, \u00e9pilation, massages, soins du corps, stylisme ongulaire..<br \/>\nPlace de la Mairie<br \/>\nT\u00e9l : 05.45.78.23.15.<\/p>\n<hr \/>\n<h3><strong><a href=\"http:\/\/www.bonnes.fr\/wp-content\/uploads\/2016\/06\/boulangerie.jpg\" data-rel=\"lightbox-image-1\" data-rl_title=\"\" data-rl_caption=\"\" title=\"\"><img decoding=\"async\" loading=\"lazy\" class=\"alignleft wp-image-133\" src=\"http:\/\/www.bonnes.fr\/wp-content\/uploads\/2016\/06\/boulangerie.jpg\" alt=\"boulangerie\" width=\"140\" height=\"140\" srcset=\"https:\/\/www.bonnes.fr\/wp-content\/uploads\/2016\/06\/boulangerie.jpg 200w, https:\/\/www.bonnes.fr\/wp-content\/uploads\/2016\/06\/boulangerie-150x150.jpg 150w\" sizes=\"(max-width: 140px) 100vw, 140px\" \/><\/a>Boulangerie &#8211; Patisserie <\/strong><\/h3>\n<p>JOSE et MARTINE vous accueillent \u00e0 Bonnes.<br \/>\nHoraires : 6h30-13h, 15h30-19h30.<br \/>\nFermeture le lundi et le dimanche apr\u00e8s-midi.<br \/>\nt\u00e9l : 06.86.41.39.72<\/p>\n<hr \/>\n<h3><a href=\"http:\/\/www.bonnes.fr\/wp-content\/uploads\/2016\/06\/coiffeuse.jpg\" data-rel=\"lightbox-image-2\" data-rl_title=\"\" data-rl_caption=\"\" title=\"\"><img decoding=\"async\" loading=\"lazy\" class=\"alignleft wp-image-135\" src=\"http:\/\/www.bonnes.fr\/wp-content\/uploads\/2016\/06\/coiffeuse.jpg\" alt=\"coiffeuse\" width=\"140\" height=\"140\" srcset=\"https:\/\/www.bonnes.fr\/wp-content\/uploads\/2016\/06\/coiffeuse.jpg 200w, https:\/\/www.bonnes.fr\/wp-content\/uploads\/2016\/06\/coiffeuse-150x150.jpg 150w\" sizes=\"(max-width: 140px) 100vw, 140px\" \/><\/a>Salon de Coiffure &#8220;Bonnes coupes&#8221;<\/h3>\n<p>Place de la Mairie<br \/>\n16390 Bonnes<br \/>\nT\u00e9l : 05.45.78.05.36<\/p>\n<hr \/>\n<h3>La Table \u00e0 Pizz<\/h3>\n<p>&#8220;Pizzeria\/Bistrot, ouvert du mercredi au dimanche (hors saison) midi et soir.<br \/>\nPizza \u00e0 manger sur place ou \u00e0 emporter.<br \/>\nPour plus de renseignement ou pour r\u00e9server : 05.24.14.80.62<\/p>\n<hr \/>\n<h3><a href=\"http:\/\/www.bonnes.fr\/wp-content\/uploads\/2016\/06\/canard.jpg\" data-rel=\"lightbox-image-3\" data-rl_title=\"\" data-rl_caption=\"\" title=\"\"><img decoding=\"async\" loading=\"lazy\" class=\"alignleft wp-image-134\" src=\"http:\/\/www.bonnes.fr\/wp-content\/uploads\/2016\/06\/canard.jpg\" alt=\"canard\" width=\"140\" height=\"140\" srcset=\"https:\/\/www.bonnes.fr\/wp-content\/uploads\/2016\/06\/canard.jpg 200w, https:\/\/www.bonnes.fr\/wp-content\/uploads\/2016\/06\/canard-150x150.jpg 150w\" sizes=\"(max-width: 140px) 100vw, 140px\" \/><\/a>Tour de Canard, Louer une 2CV<\/h3>\n<p>Citro\u00ebn 2CV \u00e0 louer\u2026 ! Tour de Canard vous offre l\u2019opportunit\u00e9 de louer une 2CV et d\u2019explorer la r\u00e9gion \u00e0 votre rythme, de fa\u00e7on d\u00e9contract\u00e9e et nostalgique.<\/p>\n<p>Tarifs de location: \u00e0 partir de 109\u20ac la journ\u00e9e.<br \/>\nLe Massou 16390 Bonnes<br \/>\nT\u00e9l : 06 31 20 68 33<br \/>\nemail : <a href=\"mailto:info@tourdecanard.com\"> info@tourdecanard.com<br \/>\n<\/a>Site : <a href=\"http:\/\/www.tourdecanard.com\/fr\/index.html\" target=\"_blank\" rel=\"noopener\">www.tourdecanard.com<\/a><\/p>\n<hr \/>\n<h3>Charpentier\/ma\u00e7on<\/h3>\n<p>Monsieur Jerry Mawdsley<br \/>\nRestauration et am\u00e9nagement, ma\u00eetre de chantier<\/p>\n<p>T\u00e9l 05.45.78.26.83<br \/>\nPortable 06.88.84.86.41<\/p>\n<hr \/>\n<h3>Atelier d&#8217;Architecture<\/h3>\n<p>Xavier &#038; Claire Georges<\/p>\n<p>La Lev\u00e9e<br \/>\nT\u00e9l :05.45.98.22.56<br \/>\nemail : <a href=\"mailto:info@architecte-charente.com\"><br \/>\ninfo@architecte-charente.com<\/a><\/p>\n<p>Site : <a href=\"http:\/\/www.architecte-charente.com\" target=\"_blank\" rel=\"noopener\">http:\/\/www.architecte-charente.com<\/a><\/p>\n<hr \/>\n<h3>Construction et r\u00e9novation de Piscine<\/h3>\n<p>Chris LOOSEMORE<br \/>\nLes Bois du Roi &#8211; Le Dedoux<br \/>\n16390 Bonnes<\/p>\n<p>T\u00e9l : 06.89.46.15.08<br \/>\nemail : <a href=\"mailto:info@pools-piscines.com\">info@pools-piscines.com<\/a><br \/>\nsite : <a href=\"http:\/\/pools-piscines.com\" target=\"_blank\" rel=\"noopener\">www.pools-piscines.com<br \/>\n<\/a><\/p>\n<hr \/>\n<h3>Ma\u00e7onnerie neuf et r\u00e9novation<br \/>\nB\u00e9ton arm\u00e9 &#8211; Chape de finition &#8211; Charpente &#8211; Couverture<\/h3>\n<p>Sarl ADAMY et CIE<br \/>\n16390 BONNES<\/p>\n<p>T\u00e9l : 06.69.16.81.93<br \/>\nmail : <a href=\"mailto:sarl.adamy.cie@orange.fr\">sarl.adamy.cie@orange.fr<\/a><\/p>\n<hr \/>\n<h3>Peintre b\u00e2timent &#8211; plaquiste<\/h3>\n<p>GIMEL Dimitri<br \/>\nChez Boisdron<br \/>\n16390 BONNES<\/p>\n<p>T\u00e9l : 06.78.04.90.04 ou 05.53.90.44.08<\/p>\n<hr \/>\n<h3>Travaux Agricoles<\/h3>\n<p>Eirl ROUSSILLON Nicolas<br \/>\nLe Monjat<br \/>\n16390 BONNES<\/p>\n<p>T\u00e9l : 06.08.24.85.82<br \/>\nEmail : <a href=\"mailto:\">roussillonnicolas@wanadoo.fr<\/a><\/p>\n<!-- AddThis Advanced Settings generic via filter on the_content --><!-- AddThis Share Buttons generic via filter on the_content -->","protected":false},"excerpt":{"rendered":"<p>Salon Esthetique Marina a ouvert son &#8220;institut bien \u00eatre et beaut\u00e9&#8221;. Esth\u00e9tique, \u00e9pilation, massages, soins du corps, stylisme ongulaire.. Place de la Mairie T\u00e9l : 05.45.78.23.15. Boulangerie &#8211; Patisserie JOSE et MARTINE vous accueillent \u00e0 Bonnes. Horaires : 6h30-13h, 15h30-19h30. Fermeture le lundi et le dimanche apr\u00e8s-midi. t\u00e9l : 06.86.41.39.72 Salon de Coiffure &#8220;Bonnes coupes&#8221; [&hellip;]<!-- AddThis Advanced Settings generic via filter on get_the_excerpt --><!-- AddThis Share Buttons generic via filter on get_the_excerpt --><\/p>\n","protected":false},"author":1,"featured_media":0,"parent":0,"menu_order":6,"comment_status":"closed","ping_status":"closed","template":"","meta":[],"_links":{"self":[{"href":"https:\/\/www.bonnes.fr\/en\/wp-json\/wp\/v2\/pages\/86"}],"collection":[{"href":"https:\/\/www.bonnes.fr\/en\/wp-json\/wp\/v2\/pages"}],"about":[{"href":"https:\/\/www.bonnes.fr\/en\/wp-json\/wp\/v2\/types\/page"}],"author":[{"embeddable":true,"href":"https:\/\/www.bonnes.fr\/en\/wp-json\/wp\/v2\/users\/1"}],"replies":[{"embeddable":true,"href":"https:\/\/www.bonnes.fr\/en\/wp-json\/wp\/v2\/comments?post=86"}],"version-history":[{"count":65,"href":"https:\/\/www.bonnes.fr\/en\/wp-json\/wp\/v2\/pages\/86\/revisions"}],"predecessor-version":[{"id":1414,"href":"https:\/\/www.bonnes.fr\/en\/wp-json\/wp\/v2\/pages\/86\/revisions\/1414"}],"wp:attachment":[{"href":"https:\/\/www.bonnes.fr\/en\/wp-json\/wp\/v2\/media?parent=86"}],"curies":[{"name":"wp","href":"https:\/\/api.w.org\/{rel}","templated":true}]}}