{"id":88,"date":"2016-06-10T13:22:36","date_gmt":"2016-06-10T11:22:36","guid":{"rendered":"http:\/\/www.bonnes.fr\/?page_id=88"},"modified":"2023-12-13T09:52:27","modified_gmt":"2023-12-13T08:52:27","slug":"vie-communale","status":"publish","type":"page","link":"https:\/\/www.bonnes.fr\/en\/vie-communale\/","title":{"rendered":"Community life"},"content":{"rendered":"<p class=\"qtranxs-available-languages-message qtranxs-available-languages-message-en\">Sorry, this entry is only available in <a href=\"https:\/\/www.bonnes.fr\/fr\/wp-json\/wp\/v2\/pages\/88\" class=\"qtranxs-available-language-link qtranxs-available-language-link-fr\" title=\"Fran\u00e7ais\">French<\/a>. For the sake of viewer convenience, the content is shown below in the alternative language. You may click the link to switch the active language.<\/p><p>arr\u00eat\u00e9 r\u00e9glementant le d\u00e9p\u00f4t des ordures m\u00e9nag\u00e8res<\/p>\n<p><a href=\"https:\/\/www.bonnes.fr\/wp-content\/uploads\/2023\/12\/arretereglementantledepotdes-orduresmenageres.pdf\">arrete reglementant le depot des ordures menageres<\/a><\/p>\n<!-- AddThis Advanced Settings generic via filter on the_content --><!-- AddThis Share Buttons generic via filter on the_content -->","protected":false},"excerpt":{"rendered":"<p>Sorry, this entry is only available in French. For the sake of viewer convenience, the content is shown below in the alternative language. You may click the link to switch the active language.arr\u00eat\u00e9 r\u00e9glementant le d\u00e9p\u00f4t des ordures m\u00e9nag\u00e8res arrete reglementant le depot des ordures menageres<!-- AddThis Advanced Settings generic via filter on get_the_excerpt --><!-- AddThis Share Buttons generic via filter on get_the_excerpt --><\/p>\n","protected":false},"author":1,"featured_media":0,"parent":0,"menu_order":7,"comment_status":"closed","ping_status":"closed","template":"","meta":[],"_links":{"self":[{"href":"https:\/\/www.bonnes.fr\/en\/wp-json\/wp\/v2\/pages\/88"}],"collection":[{"href":"https:\/\/www.bonnes.fr\/en\/wp-json\/wp\/v2\/pages"}],"about":[{"href":"https:\/\/www.bonnes.fr\/en\/wp-json\/wp\/v2\/types\/page"}],"author":[{"embeddable":true,"href":"https:\/\/www.bonnes.fr\/en\/wp-json\/wp\/v2\/users\/1"}],"replies":[{"embeddable":true,"href":"https:\/\/www.bonnes.fr\/en\/wp-json\/wp\/v2\/comments?post=88"}],"version-history":[{"count":3,"href":"https:\/\/www.bonnes.fr\/en\/wp-json\/wp\/v2\/pages\/88\/revisions"}],"predecessor-version":[{"id":1257,"href":"https:\/\/www.bonnes.fr\/en\/wp-json\/wp\/v2\/pages\/88\/revisions\/1257"}],"wp:attachment":[{"href":"https:\/\/www.bonnes.fr\/en\/wp-json\/wp\/v2\/media?parent=88"}],"curies":[{"name":"wp","href":"https:\/\/api.w.org\/{rel}","templated":true}]}}